{"id":3,"date":"2022-10-21T08:06:42","date_gmt":"2022-10-21T08:06:42","guid":{"rendered":"http:\/\/speakingofbikes.com\/?page_id=3"},"modified":"2022-12-16T20:04:09","modified_gmt":"2022-12-16T18:04:09","slug":"privacy-policy","status":"publish","type":"page","link":"https:\/\/speakingofbikes.com\/sv\/privacy-policy\/","title":{"rendered":"Integritetspolicy"},"content":{"rendered":"<div data-elementor-type=\"wp-page\" data-elementor-id=\"3\" class=\"elementor elementor-3\">\n\t\t\t\t\t\t<section class=\"elementor-section elementor-top-section elementor-element elementor-element-6ad51c4c elementor-section-boxed elementor-section-height-default elementor-section-height-default\" data-id=\"6ad51c4c\" data-element_type=\"section\">\n\t\t\t\t\t\t<div class=\"elementor-container elementor-column-gap-default\">\n\t\t\t\t\t<div class=\"elementor-column elementor-col-100 elementor-top-column elementor-element elementor-element-374a2783\" data-id=\"374a2783\" data-element_type=\"column\">\n\t\t\t<div class=\"elementor-widget-wrap elementor-element-populated\">\n\t\t\t\t\t\t<div class=\"elementor-element elementor-element-342d614 elementor-widget elementor-widget-heading\" data-id=\"342d614\" data-element_type=\"widget\" data-widget_type=\"heading.default\">\n\t\t\t\t<div class=\"elementor-widget-container\">\n\t\t\t\t\t<h1 class=\"elementor-heading-title elementor-size-default\">Integritetspolicy f\u00f6r p\u00e5 tal om cyklar<\/h1>\t\t\t\t<\/div>\n\t\t\t\t<\/div>\n\t\t\t\t<div class=\"elementor-element elementor-element-bce264e elementor-widget elementor-widget-heading\" data-id=\"bce264e\" data-element_type=\"widget\" data-widget_type=\"heading.default\">\n\t\t\t\t<div class=\"elementor-widget-container\">\n\t\t\t\t\t<h2 class=\"elementor-heading-title elementor-size-default\">Vilka vi \u00e4r<\/h2>\t\t\t\t<\/div>\n\t\t\t\t<\/div>\n\t\t\t\t<div class=\"elementor-element elementor-element-ac3ec05 elementor-widget elementor-widget-text-editor\" data-id=\"ac3ec05\" data-element_type=\"widget\" data-widget_type=\"text-editor.default\">\n\t\t\t\t<div class=\"elementor-widget-container\">\n\t\t\t\t\t\t\t\t\t<p>V\u00e5r webbadress \u00e4r: https:\/\/speakingofbikes.com.<\/p>\t\t\t\t\t\t\t\t<\/div>\n\t\t\t\t<\/div>\n\t\t\t\t<div class=\"elementor-element elementor-element-908816e elementor-widget elementor-widget-heading\" data-id=\"908816e\" data-element_type=\"widget\" data-widget_type=\"heading.default\">\n\t\t\t\t<div class=\"elementor-widget-container\">\n\t\t\t\t\t<h2 class=\"elementor-heading-title elementor-size-default\">V\u00e5r sekretesspolicy<\/h2>\t\t\t\t<\/div>\n\t\t\t\t<\/div>\n\t\t\t\t<div class=\"elementor-element elementor-element-77b67a5 elementor-widget elementor-widget-text-editor\" data-id=\"77b67a5\" data-element_type=\"widget\" data-widget_type=\"text-editor.default\">\n\t\t\t\t<div class=\"elementor-widget-container\">\n\t\t\t\t\t\t\t\t\t<p>P\u00e5 speakingofbikes.com, tillg\u00e4nglig fr\u00e5n https:\/\/speakingofbikes.com\/, \u00e4r en av v\u00e5ra huvudprioriteringar v\u00e5ra bes\u00f6kares integritet. Detta sekretesspolicydokument inneh\u00e5ller typer av information som samlas in och registreras av speakingofbikes.com och hur vi anv\u00e4nder den.<\/p>\n<p><!-- \/wp:paragraph --><\/p>\n<p><!-- wp:paragraph --><\/p>\n<p>Om du har ytterligare fr\u00e5gor eller beh\u00f6ver mer information om v\u00e5r integritetspolicy, tveka inte att kontakta oss.<\/p>\n<p><!-- \/wp:paragraph --><\/p>\n<p><!-- wp:paragraph --><\/p>\n<p>Denna sekretesspolicy g\u00e4ller endast f\u00f6r v\u00e5r online-verksamhet och g\u00e4ller f\u00f6r bes\u00f6kare p\u00e5 v\u00e5r webbplats n\u00e4r det g\u00e4ller den information som de delar och\/eller samlar in p\u00e5 speakingofbikes.com. Denna policy g\u00e4ller inte f\u00f6r information som samlas in offline eller via andra kanaler \u00e4n denna webbplats. V\u00e5r integritetspolicy har skapats med hj\u00e4lp av\u00a0<a href=\"https:\/\/www.privacypolicygenerator.info\/\" target=\"_blank\" rel=\"noreferrer noopener nofollow\">Gratis Generator f\u00f6r sekretesspolicy<\/a>.<\/p>\t\t\t\t\t\t\t\t<\/div>\n\t\t\t\t<\/div>\n\t\t\t\t<div class=\"elementor-element elementor-element-11e0ae0 elementor-widget elementor-widget-heading\" data-id=\"11e0ae0\" data-element_type=\"widget\" data-widget_type=\"heading.default\">\n\t\t\t\t<div class=\"elementor-widget-container\">\n\t\t\t\t\t<h2 class=\"elementor-heading-title elementor-size-default\">Samtycke<\/h2>\t\t\t\t<\/div>\n\t\t\t\t<\/div>\n\t\t\t\t<div class=\"elementor-element elementor-element-76ff905 elementor-widget elementor-widget-text-editor\" data-id=\"76ff905\" data-element_type=\"widget\" data-widget_type=\"text-editor.default\">\n\t\t\t\t<div class=\"elementor-widget-container\">\n\t\t\t\t\t\t\t\t\t<p>Genom att anv\u00e4nda v\u00e5r webbplats samtycker du h\u00e4rmed till v\u00e5r integritetspolicy och godk\u00e4nner dess villkor.<\/p>\t\t\t\t\t\t\t\t<\/div>\n\t\t\t\t<\/div>\n\t\t\t\t<div class=\"elementor-element elementor-element-441fa07 elementor-widget elementor-widget-heading\" data-id=\"441fa07\" data-element_type=\"widget\" data-widget_type=\"heading.default\">\n\t\t\t\t<div class=\"elementor-widget-container\">\n\t\t\t\t\t<h2 class=\"elementor-heading-title elementor-size-default\">Information vi samlar in<\/h2>\t\t\t\t<\/div>\n\t\t\t\t<\/div>\n\t\t\t\t<div class=\"elementor-element elementor-element-fb6259b elementor-widget elementor-widget-text-editor\" data-id=\"fb6259b\" data-element_type=\"widget\" data-widget_type=\"text-editor.default\">\n\t\t\t\t<div class=\"elementor-widget-container\">\n\t\t\t\t\t\t\t\t\t<p>Den personliga information som du ombeds l\u00e4mna, och sk\u00e4len till varf\u00f6r du ombeds att tillhandah\u00e5lla den, kommer att klarg\u00f6ras f\u00f6r dig n\u00e4r vi ber dig att l\u00e4mna din personliga information.<\/p>\n<p><!-- \/wp:paragraph --><\/p>\n<p><!-- wp:paragraph --><\/p>\n<p>Om du kontaktar oss direkt kan vi f\u00e5 ytterligare information om dig s\u00e5som ditt namn, e-postadress, telefonnummer, inneh\u00e5llet i meddelandet och\/eller bilagor du kan skicka till oss och all annan information du kan v\u00e4lja att tillhandah\u00e5lla.<\/p>\n<p><!-- \/wp:paragraph --><\/p>\n<p><!-- wp:paragraph --><\/p>\n<p>N\u00e4r du registrerar dig f\u00f6r ett konto kan vi be om din kontaktinformation, inklusive uppgifter som namn, f\u00f6retagsnamn, adress, e-postadress och telefonnummer.<\/p>\t\t\t\t\t\t\t\t<\/div>\n\t\t\t\t<\/div>\n\t\t\t\t<div class=\"elementor-element elementor-element-f9c198c elementor-widget elementor-widget-heading\" data-id=\"f9c198c\" data-element_type=\"widget\" data-widget_type=\"heading.default\">\n\t\t\t\t<div class=\"elementor-widget-container\">\n\t\t\t\t\t<h2 class=\"elementor-heading-title elementor-size-default\">Hur vi anv\u00e4nder din information<\/h2>\t\t\t\t<\/div>\n\t\t\t\t<\/div>\n\t\t\t\t<div class=\"elementor-element elementor-element-a7133ce elementor-widget elementor-widget-text-editor\" data-id=\"a7133ce\" data-element_type=\"widget\" data-widget_type=\"text-editor.default\">\n\t\t\t\t<div class=\"elementor-widget-container\">\n\t\t\t\t\t\t\t\t\t<p>Vi anv\u00e4nder informationen vi samlar in p\u00e5 olika s\u00e4tt, inklusive f\u00f6r att:<\/p>\n<p><!-- \/wp:paragraph --><\/p>\n<p><!-- wp:list --><\/p>\n<ul>\n<li>Tillhandah\u00e5lla, driva och underh\u00e5lla v\u00e5r webbplats<\/li>\n<li>F\u00f6rb\u00e4ttra, anpassa och ut\u00f6ka v\u00e5r webbplats<\/li>\n<li>F\u00f6rst\u00e5 och analysera hur du anv\u00e4nder v\u00e5r webbplats<\/li>\n<li>Utveckla nya produkter, tj\u00e4nster, funktioner och funktionalitet<\/li>\n<li>Kommunicera med dig, antingen direkt eller genom n\u00e5gon av v\u00e5ra partners, inklusive f\u00f6r kundtj\u00e4nst, f\u00f6r att f\u00f6rse dig med uppdateringar och annan information som r\u00f6r webbplatsen och f\u00f6r marknadsf\u00f6rings- och reklamsyfte<\/li>\n<li>Skickar mejl till dig<\/li>\n<li>Hitta och f\u00f6rhindra bedr\u00e4gerier<\/li>\n<\/ul>\t\t\t\t\t\t\t\t<\/div>\n\t\t\t\t<\/div>\n\t\t\t\t<div class=\"elementor-element elementor-element-c2e813d elementor-widget elementor-widget-heading\" data-id=\"c2e813d\" data-element_type=\"widget\" data-widget_type=\"heading.default\">\n\t\t\t\t<div class=\"elementor-widget-container\">\n\t\t\t\t\t<h2 class=\"elementor-heading-title elementor-size-default\"><span style=\"font-size: var(--fontSize);font-style: var(--fontStyle, inherit);font-weight: var(--fontWeight);letter-spacing: var(--letterSpacing);text-align: inherit;text-transform: var(--textTransform);background-color: var(--theme-palette-color-8)\">Loggfiler<\/span><\/h2>\t\t\t\t<\/div>\n\t\t\t\t<\/div>\n\t\t\t\t<div class=\"elementor-element elementor-element-82feafa elementor-widget elementor-widget-text-editor\" data-id=\"82feafa\" data-element_type=\"widget\" data-widget_type=\"text-editor.default\">\n\t\t\t\t<div class=\"elementor-widget-container\">\n\t\t\t\t\t\t\t\t\t<p>speakingofbikes.com f\u00f6ljer en standardprocedur f\u00f6r att anv\u00e4nda loggfiler. Dessa filer loggar bes\u00f6kare n\u00e4r de bes\u00f6ker webbplatser. Alla v\u00e4rdf\u00f6retag g\u00f6r detta och \u00e4r en del av v\u00e4rdtj\u00e4nsternas analys. Informationen som samlas in av loggfiler inkluderar IP-adresser (Internet Protocol), webbl\u00e4sartyp, Internetleverant\u00f6r (ISP), datum- och tidsst\u00e4mpel, referens-\/utg\u00e5ngssidor och m\u00f6jligen antalet klick. Dessa \u00e4r inte kopplade till n\u00e5gon information som \u00e4r personligt identifierbar. Syftet med informationen \u00e4r att analysera trender, administrera webbplatsen, sp\u00e5ra anv\u00e4ndares r\u00f6relser p\u00e5 webbplatsen och samla in demografisk information.<\/p>\t\t\t\t\t\t\t\t<\/div>\n\t\t\t\t<\/div>\n\t\t\t\t<div class=\"elementor-element elementor-element-2b06f4c elementor-widget elementor-widget-heading\" data-id=\"2b06f4c\" data-element_type=\"widget\" data-widget_type=\"heading.default\">\n\t\t\t\t<div class=\"elementor-widget-container\">\n\t\t\t\t\t<h2 class=\"elementor-heading-title elementor-size-default\"><span style=\"font-size: var(--fontSize);font-style: var(--fontStyle, inherit);font-weight: var(--fontWeight);letter-spacing: var(--letterSpacing);text-align: inherit;text-transform: var(--textTransform);background-color: var(--theme-palette-color-8)\">Cookies och webbsignaler<\/span><\/h2>\t\t\t\t<\/div>\n\t\t\t\t<\/div>\n\t\t\t\t<div class=\"elementor-element elementor-element-fe3a1b2 elementor-widget elementor-widget-text-editor\" data-id=\"fe3a1b2\" data-element_type=\"widget\" data-widget_type=\"text-editor.default\">\n\t\t\t\t<div class=\"elementor-widget-container\">\n\t\t\t\t\t\t\t\t\t<p>Precis som alla andra webbplatser anv\u00e4nder speakingofbikes.com &quot;cookies&quot;. Dessa cookies anv\u00e4nds f\u00f6r att lagra information inklusive bes\u00f6karnas preferenser och de sidor p\u00e5 webbplatsen som bes\u00f6karen bes\u00f6kte eller bes\u00f6kte. Informationen anv\u00e4nds f\u00f6r att optimera anv\u00e4ndarnas upplevelse genom att anpassa inneh\u00e5llet p\u00e5 v\u00e5r webbsida baserat p\u00e5 bes\u00f6karnas webbl\u00e4sartyp och\/eller annan information.<\/p>\t\t\t\t\t\t\t\t<\/div>\n\t\t\t\t<\/div>\n\t\t\t\t<div class=\"elementor-element elementor-element-f5f1b00 elementor-widget elementor-widget-heading\" data-id=\"f5f1b00\" data-element_type=\"widget\" data-widget_type=\"heading.default\">\n\t\t\t\t<div class=\"elementor-widget-container\">\n\t\t\t\t\t<h2 class=\"elementor-heading-title elementor-size-default\"><span style=\"font-size: var(--fontSize);font-style: var(--fontStyle, inherit);font-weight: var(--fontWeight);letter-spacing: var(--letterSpacing);text-align: inherit;text-transform: var(--textTransform);background-color: var(--theme-palette-color-8)\">Google DoubleClick DART Cookie<\/span><\/h2>\t\t\t\t<\/div>\n\t\t\t\t<\/div>\n\t\t\t\t<div class=\"elementor-element elementor-element-027dc55 elementor-widget elementor-widget-text-editor\" data-id=\"027dc55\" data-element_type=\"widget\" data-widget_type=\"text-editor.default\">\n\t\t\t\t<div class=\"elementor-widget-container\">\n\t\t\t\t\t\t\t\t\t<p>Google \u00e4r en tredjepartsleverant\u00f6r p\u00e5 v\u00e5r webbplats. Google anv\u00e4nder ocks\u00e5 cookies, s\u00e5 kallade DART-cookies, f\u00f6r att visa annonser f\u00f6r bes\u00f6kare p\u00e5 v\u00e5r webbplats baserat p\u00e5 deras bes\u00f6k p\u00e5 www.website.com och andra webbplatser p\u00e5 internet. Bes\u00f6kare kan dock v\u00e4lja att avvisa anv\u00e4ndningen av DART-cookies genom att bes\u00f6ka Googles integritetspolicy f\u00f6r annons- och inneh\u00e5llsn\u00e4tverk p\u00e5 f\u00f6ljande URL -\u00a0<a href=\"https:\/\/policies.google.com\/technologies\/ads\" target=\"_blank\" rel=\"noopener\">https:\/\/policies.google.com\/technologies\/ads<\/a><\/p>\t\t\t\t\t\t\t\t<\/div>\n\t\t\t\t<\/div>\n\t\t\t\t<div class=\"elementor-element elementor-element-77cf74b elementor-widget elementor-widget-heading\" data-id=\"77cf74b\" data-element_type=\"widget\" data-widget_type=\"heading.default\">\n\t\t\t\t<div class=\"elementor-widget-container\">\n\t\t\t\t\t<h2 class=\"elementor-heading-title elementor-size-default\">V\u00e5ra reklampartners<\/h2>\t\t\t\t<\/div>\n\t\t\t\t<\/div>\n\t\t\t\t<div class=\"elementor-element elementor-element-d4b54ac elementor-widget elementor-widget-text-editor\" data-id=\"d4b54ac\" data-element_type=\"widget\" data-widget_type=\"text-editor.default\">\n\t\t\t\t<div class=\"elementor-widget-container\">\n\t\t\t\t\t\t\t\t\t<p>Vissa annons\u00f6rer p\u00e5 v\u00e5r webbplats kan anv\u00e4nda cookies och webbsignaler. V\u00e5ra annonspartners listas nedan. Var och en av v\u00e5ra annonspartners har sin egen integritetspolicy f\u00f6r sina policyer f\u00f6r anv\u00e4ndardata. F\u00f6r enklare \u00e5tkomst l\u00e4nkade vi till deras sekretesspolicyer nedan.<\/p>\n<p><!-- \/wp:paragraph --><\/p>\n<p><!-- wp:list --><\/p>\n<p>\u00a0<\/p>\n<ul>\n<li>Google p\u00e5: <a href=\"https:\/\/policies.google.com\/technologies\/ads\" target=\"_blank\" rel=\"noreferrer noopener nofollow\">https:\/\/policies.google.com\/technologies\/ads<\/a><\/li>\n<\/ul>\t\t\t\t\t\t\t\t<\/div>\n\t\t\t\t<\/div>\n\t\t\t\t<div class=\"elementor-element elementor-element-d5c47a5 elementor-widget elementor-widget-heading\" data-id=\"d5c47a5\" data-element_type=\"widget\" data-widget_type=\"heading.default\">\n\t\t\t\t<div class=\"elementor-widget-container\">\n\t\t\t\t\t<h2 class=\"elementor-heading-title elementor-size-default\">Reklampartners Integritetspolicy<\/h2>\t\t\t\t<\/div>\n\t\t\t\t<\/div>\n\t\t\t\t<div class=\"elementor-element elementor-element-8d73f19 elementor-widget elementor-widget-text-editor\" data-id=\"8d73f19\" data-element_type=\"widget\" data-widget_type=\"text-editor.default\">\n\t\t\t\t<div class=\"elementor-widget-container\">\n\t\t\t\t\t\t\t\t\t<p>Du kan konsultera den h\u00e4r listan f\u00f6r att hitta sekretesspolicyn f\u00f6r var och en av reklampartnerna p\u00e5 speakingofbikes.com.<\/p>\n<p>Tredjeparts annonsservrar eller annonsn\u00e4tverk anv\u00e4nder teknik som cookies, JavaScript eller Web Beacons som anv\u00e4nds i deras respektive annonser och l\u00e4nkar som visas p\u00e5 speakingofbikes.com, som skickas direkt till anv\u00e4ndarnas webbl\u00e4sare. De f\u00e5r automatiskt din IP-adress n\u00e4r detta intr\u00e4ffar. Dessa tekniker anv\u00e4nds f\u00f6r att m\u00e4ta effektiviteten av deras reklamkampanjer och\/eller f\u00f6r att anpassa annonsinneh\u00e5llet som du ser p\u00e5 webbplatser som du bes\u00f6ker.<\/p>\n<p>Observera att speakingofbikes.com inte har tillg\u00e5ng till eller kontroll \u00f6ver dessa cookies som anv\u00e4nds av tredjepartsannons\u00f6rer.<\/p>\t\t\t\t\t\t\t\t<\/div>\n\t\t\t\t<\/div>\n\t\t\t\t<div class=\"elementor-element elementor-element-fbe84a0 elementor-widget elementor-widget-heading\" data-id=\"fbe84a0\" data-element_type=\"widget\" data-widget_type=\"heading.default\">\n\t\t\t\t<div class=\"elementor-widget-container\">\n\t\t\t\t\t<h2 class=\"elementor-heading-title elementor-size-default\">Tredje parts sekretesspolicyer<\/h2>\t\t\t\t<\/div>\n\t\t\t\t<\/div>\n\t\t\t\t<div class=\"elementor-element elementor-element-7a78b81 elementor-widget elementor-widget-text-editor\" data-id=\"7a78b81\" data-element_type=\"widget\" data-widget_type=\"text-editor.default\">\n\t\t\t\t<div class=\"elementor-widget-container\">\n\t\t\t\t\t\t\t\t\t<p>speakingofbikes.coms integritetspolicy g\u00e4ller inte andra annons\u00f6rer eller webbplatser. D\u00e4rf\u00f6r r\u00e5der vi dig att konsultera respektive sekretesspolicy f\u00f6r dessa tredjepartsannonsservrar f\u00f6r mer detaljerad information. Det kan inneh\u00e5lla deras praxis och instruktioner om hur man v\u00e4ljer bort vissa alternativ.<\/p>\n<p>Du kan v\u00e4lja att inaktivera cookies genom dina individuella webbl\u00e4saralternativ. F\u00f6r att f\u00e5 mer detaljerad information om cookiehantering med specifika webbl\u00e4sare finns den p\u00e5 webbl\u00e4sarnas respektive webbplatser.<\/p>\t\t\t\t\t\t\t\t<\/div>\n\t\t\t\t<\/div>\n\t\t\t\t<div class=\"elementor-element elementor-element-4292d41 elementor-widget elementor-widget-heading\" data-id=\"4292d41\" data-element_type=\"widget\" data-widget_type=\"heading.default\">\n\t\t\t\t<div class=\"elementor-widget-container\">\n\t\t\t\t\t<h2 class=\"elementor-heading-title elementor-size-default\">CCPA-sekretessr\u00e4ttigheter (s\u00e4lj inte min personliga information)<\/h2>\t\t\t\t<\/div>\n\t\t\t\t<\/div>\n\t\t\t\t<div class=\"elementor-element elementor-element-aaa0fa8 elementor-widget elementor-widget-text-editor\" data-id=\"aaa0fa8\" data-element_type=\"widget\" data-widget_type=\"text-editor.default\">\n\t\t\t\t<div class=\"elementor-widget-container\">\n\t\t\t\t\t\t\t\t\t<p>Enligt CCPA, bland andra r\u00e4ttigheter, har konsumenter i Kalifornien r\u00e4tt att:<\/p>\n<p>Beg\u00e4r att ett f\u00f6retag som samlar in en konsuments personuppgifter avsl\u00f6jar de kategorier och specifika delar av personuppgifter som ett f\u00f6retag har samlat in om konsumenter.<\/p>\n<p>Beg\u00e4r att ett f\u00f6retag raderar eventuella personuppgifter om konsumenten som ett f\u00f6retag har samlat in.<\/p>\n<p>Beg\u00e4r att ett f\u00f6retag som s\u00e4ljer en konsuments personuppgifter inte s\u00e4ljer konsumentens personuppgifter.<\/p>\n<p>Om du g\u00f6r en f\u00f6rfr\u00e5gan har vi en m\u00e5nad p\u00e5 oss att svara dig. Om du vill ut\u00f6va n\u00e5gon av dessa r\u00e4ttigheter, v\u00e4nligen kontakta oss.<\/p>\t\t\t\t\t\t\t\t<\/div>\n\t\t\t\t<\/div>\n\t\t\t\t<div class=\"elementor-element elementor-element-30050cf elementor-widget elementor-widget-heading\" data-id=\"30050cf\" data-element_type=\"widget\" data-widget_type=\"heading.default\">\n\t\t\t\t<div class=\"elementor-widget-container\">\n\t\t\t\t\t<h2 class=\"elementor-heading-title elementor-size-default\">GDPR Dataskyddsr\u00e4ttigheter<\/h2>\t\t\t\t<\/div>\n\t\t\t\t<\/div>\n\t\t\t\t<div class=\"elementor-element elementor-element-f66d747 elementor-widget elementor-widget-text-editor\" data-id=\"f66d747\" data-element_type=\"widget\" data-widget_type=\"text-editor.default\">\n\t\t\t\t<div class=\"elementor-widget-container\">\n\t\t\t\t\t\t\t\t\t<p>Vi vill se till att du \u00e4r fullt medveten om alla dina dataskyddsr\u00e4ttigheter. Varje anv\u00e4ndare har r\u00e4tt till f\u00f6ljande:<\/p>\n<p>R\u00e4tt till tillg\u00e5ng - Du har r\u00e4tt att beg\u00e4ra kopior av dina personuppgifter. Vi kan ta ut en liten avgift f\u00f6r denna tj\u00e4nst.<\/p>\n<p>R\u00e4tt till r\u00e4ttelse - Du har r\u00e4tt att beg\u00e4ra att vi r\u00e4ttar information som du anser vara felaktig. Du har ocks\u00e5 r\u00e4tt att beg\u00e4ra att vi kompletterar den information som du anser vara ofullst\u00e4ndig.<\/p>\n<p>R\u00e4tt till radering - Du har r\u00e4tt att beg\u00e4ra att vi raderar dina personuppgifter p\u00e5 vissa villkor.<\/p>\n<p>R\u00e4tt att begr\u00e4nsa behandlingen - Du har r\u00e4tt att beg\u00e4ra att vi begr\u00e4nsar behandlingen av dina personuppgifter under vissa villkor.<\/p>\n<p>R\u00e4tt att inv\u00e4nda mot behandlingen - Du har r\u00e4tt att inv\u00e4nda mot v\u00e5r behandling av dina personuppgifter under vissa villkor.<\/p>\n<p>R\u00e4tten till dataportabilitet - Du har r\u00e4tt att beg\u00e4ra att vi \u00f6verf\u00f6r de uppgifter som vi har samlat in till en annan organisation eller direkt till dig, under vissa villkor.<\/p>\n<p>Om du g\u00f6r en f\u00f6rfr\u00e5gan har vi en m\u00e5nad p\u00e5 oss att svara dig. Om du vill ut\u00f6va n\u00e5gon av dessa r\u00e4ttigheter, v\u00e4nligen kontakta oss.<\/p>\t\t\t\t\t\t\t\t<\/div>\n\t\t\t\t<\/div>\n\t\t\t\t<div class=\"elementor-element elementor-element-35140e6 elementor-widget elementor-widget-heading\" data-id=\"35140e6\" data-element_type=\"widget\" data-widget_type=\"heading.default\">\n\t\t\t\t<div class=\"elementor-widget-container\">\n\t\t\t\t\t<h2 class=\"elementor-heading-title elementor-size-default\">Barninformation<\/h2>\t\t\t\t<\/div>\n\t\t\t\t<\/div>\n\t\t\t\t<div class=\"elementor-element elementor-element-2b2c1f8 elementor-widget elementor-widget-text-editor\" data-id=\"2b2c1f8\" data-element_type=\"widget\" data-widget_type=\"text-editor.default\">\n\t\t\t\t<div class=\"elementor-widget-container\">\n\t\t\t\t\t\t\t\t\t<p>En annan del av v\u00e5r prioritet \u00e4r att l\u00e4gga till skydd f\u00f6r barn n\u00e4r de anv\u00e4nder internet. Vi uppmuntrar f\u00f6r\u00e4ldrar och v\u00e5rdnadshavare att observera, delta i och\/eller \u00f6vervaka och v\u00e4gleda deras onlineaktivitet.<\/p>\n<p>speakingofbikes.com samlar inte medvetet in n\u00e5gon personlig identifierbar information fr\u00e5n barn under 13 \u00e5r. Om du tror att ditt barn har l\u00e4mnat denna typ av information p\u00e5 v\u00e5r webbplats, rekommenderar vi starkt att du kontaktar oss omedelbart och vi kommer att g\u00f6ra v\u00e5rt b\u00e4sta f\u00f6r att omedelbart ta bort s\u00e5dan information fr\u00e5n v\u00e5ra register.<\/p>\n<p>\u00a0<\/p>\t\t\t\t\t\t\t\t<\/div>\n\t\t\t\t<\/div>\n\t\t\t\t\t<\/div>\n\t\t<\/div>\n\t\t\t\t\t<\/div>\n\t\t<\/section>\n\t\t\t\t<\/div>","protected":false},"excerpt":{"rendered":"<p>Integritetspolicy f\u00f6r Speaking of bikes Vilka vi \u00e4r V\u00e5r webbplatsadress \u00e4r: https:\/\/speakingofbikes.com. V\u00e5r integritetspolicy P\u00e5 speakingofbikes.com, som n\u00e5s fr\u00e5n https:\/\/speakingofbikes.com\/, \u00e4r en av v\u00e5ra fr\u00e4msta prioriteringar v\u00e5ra bes\u00f6kares integritet. Detta sekretesspolicy-dokument inneh\u00e5ller typer av information som samlas in och registreras av speakingofbikes.com och hur vi anv\u00e4nder den. Om du [...]<\/p>","protected":false},"author":1,"featured_media":0,"parent":0,"menu_order":0,"comment_status":"closed","ping_status":"open","template":"","meta":{"footnotes":""},"class_list":["post-3","page","type-page","status-publish","hentry"],"blocksy_meta":{"styles_descriptor":{"styles":{"desktop":"","tablet":"","mobile":""},"google_fonts":[],"version":6}},"featured_image_src":null,"_links":{"self":[{"href":"https:\/\/speakingofbikes.com\/sv\/wp-json\/wp\/v2\/pages\/3","targetHints":{"allow":["GET"]}}],"collection":[{"href":"https:\/\/speakingofbikes.com\/sv\/wp-json\/wp\/v2\/pages"}],"about":[{"href":"https:\/\/speakingofbikes.com\/sv\/wp-json\/wp\/v2\/types\/page"}],"author":[{"embeddable":true,"href":"https:\/\/speakingofbikes.com\/sv\/wp-json\/wp\/v2\/users\/1"}],"replies":[{"embeddable":true,"href":"https:\/\/speakingofbikes.com\/sv\/wp-json\/wp\/v2\/comments?post=3"}],"version-history":[{"count":0,"href":"https:\/\/speakingofbikes.com\/sv\/wp-json\/wp\/v2\/pages\/3\/revisions"}],"wp:attachment":[{"href":"https:\/\/speakingofbikes.com\/sv\/wp-json\/wp\/v2\/media?parent=3"}],"curies":[{"name":"wp","href":"https:\/\/api.w.org\/{rel}","templated":true}]}}