{"id":2026,"date":"2022-11-15T22:34:31","date_gmt":"2022-11-15T20:34:31","guid":{"rendered":"https:\/\/speakingofbikes.com\/?page_id=2026"},"modified":"2022-12-16T20:03:42","modified_gmt":"2022-12-16T18:03:42","slug":"disclaimer","status":"publish","type":"page","link":"https:\/\/speakingofbikes.com\/sv\/disclaimer\/","title":{"rendered":"Disclaimer"},"content":{"rendered":"<div data-elementor-type=\"wp-page\" data-elementor-id=\"2026\" class=\"elementor elementor-2026\">\n\t\t\t\t<div class=\"elementor-element elementor-element-a069f09 e-flex e-con-boxed e-con e-parent\" data-id=\"a069f09\" data-element_type=\"container\">\n\t\t\t\t\t<div class=\"e-con-inner\">\n\t\t\t\t<div class=\"elementor-element elementor-element-767654d elementor-widget elementor-widget-heading\" data-id=\"767654d\" data-element_type=\"widget\" data-widget_type=\"heading.default\">\n\t\t\t\t<div class=\"elementor-widget-container\">\n\t\t\t\t\t<h1 class=\"elementor-heading-title elementor-size-default\">Disclaimer speakingofbikes.com<\/h1>\t\t\t\t<\/div>\n\t\t\t\t<\/div>\n\t\t\t\t\t<\/div>\n\t\t\t\t<\/div>\n\t\t<div class=\"elementor-element elementor-element-fcbc2d7 e-flex e-con-boxed e-con e-parent\" data-id=\"fcbc2d7\" data-element_type=\"container\">\n\t\t\t\t\t<div class=\"e-con-inner\">\n\t\t\t\t<div class=\"elementor-element elementor-element-9158468 elementor-widget elementor-widget-heading\" data-id=\"9158468\" data-element_type=\"widget\" data-widget_type=\"heading.default\">\n\t\t\t\t<div class=\"elementor-widget-container\">\n\t\t\t\t\t<h2 class=\"elementor-heading-title elementor-size-default\">Disclaimer<\/h2>\t\t\t\t<\/div>\n\t\t\t\t<\/div>\n\t\t\t\t<div class=\"elementor-element elementor-element-0007344 elementor-widget elementor-widget-text-editor\" data-id=\"0007344\" data-element_type=\"widget\" data-widget_type=\"text-editor.default\">\n\t\t\t\t<div class=\"elementor-widget-container\">\n\t\t\t\t\t\t\t\t\t<p><b>Senast uppdaterad den 15 november<\/b><\/p>\t\t\t\t\t\t\t\t<\/div>\n\t\t\t\t<\/div>\n\t\t\t\t<div class=\"elementor-element elementor-element-0e11157 elementor-widget elementor-widget-heading\" data-id=\"0e11157\" data-element_type=\"widget\" data-widget_type=\"heading.default\">\n\t\t\t\t<div class=\"elementor-widget-container\">\n\t\t\t\t\t<h2 class=\"elementor-heading-title elementor-size-default\">Ansvarsfriskrivning f\u00f6r webbplatsen<\/h2>\t\t\t\t<\/div>\n\t\t\t\t<\/div>\n\t\t\t\t<div class=\"elementor-element elementor-element-090e080 elementor-widget elementor-widget-text-editor\" data-id=\"090e080\" data-element_type=\"widget\" data-widget_type=\"text-editor.default\">\n\t\t\t\t<div class=\"elementor-widget-container\">\n\t\t\t\t\t\t\t\t\t<p>Den information som tillhandah\u00e5lls av Speaking of Bikes (\"vi\", \"oss\" eller \"v\u00e5r\") p\u00e5 https:\/\/speakingofbikes.com (\"Webbplatsen\") \u00e4r endast avsedd f\u00f6r allm\u00e4nna informationssyften. All information p\u00e5 webbplatsen tillhandah\u00e5lls i god tro, men vi l\u00e4mnar inga garantier av n\u00e5got slag, vare sig uttryckliga eller underf\u00f6rst\u00e5dda, om riktigheten, l\u00e4mpligheten, giltigheten, tillf\u00f6rlitligheten, tillg\u00e4ngligheten eller fullst\u00e4ndigheten av n\u00e5gon information p\u00e5 webbplatsen. UNDER INGA OMST\u00c4NDIGHETER SKA VI HA N\u00c5GOT ANSVAR GENTEMOT DIG F\u00d6R N\u00c5GON F\u00d6RLUST ELLER SKADA AV N\u00c5GOT SLAG SOM UPPST\u00c5R TILL F\u00d6LJD AV ANV\u00c4NDNINGEN AV WEBBPLATSEN ELLER F\u00d6RLITAR OSS P\u00c5 N\u00c5GON INFORMATION SOM TILLHANDAH\u00c5LLS P\u00c5 WEBBPLATSEN. DIN ANV\u00c4NDNING AV WEBBPLATSEN OCH DIN TILLIT TILL N\u00c5GON INFORMATION P\u00c5 WEBBPLATSEN SKER UTESLUTANDE P\u00c5 EGEN RISK.<\/p>\t\t\t\t\t\t\t\t<\/div>\n\t\t\t\t<\/div>\n\t\t\t\t<div class=\"elementor-element elementor-element-0c9ab98 elementor-widget elementor-widget-heading\" data-id=\"0c9ab98\" data-element_type=\"widget\" data-widget_type=\"heading.default\">\n\t\t\t\t<div class=\"elementor-widget-container\">\n\t\t\t\t\t<h2 class=\"elementor-heading-title elementor-size-default\">Ansvarsfriskrivning f\u00f6r externa l\u00e4nkar<\/h2>\t\t\t\t<\/div>\n\t\t\t\t<\/div>\n\t\t\t\t<div class=\"elementor-element elementor-element-29d53e0 elementor-widget elementor-widget-text-editor\" data-id=\"29d53e0\" data-element_type=\"widget\" data-widget_type=\"text-editor.default\">\n\t\t\t\t<div class=\"elementor-widget-container\">\n\t\t\t\t\t\t\t\t\t<p>Webbplatsen kan inneh\u00e5lla (eller du kan skickas via webbplatsen) l\u00e4nkar till andra webbplatser eller inneh\u00e5ll som tillh\u00f6r eller kommer fr\u00e5n tredje part eller l\u00e4nkar till webbplatser och funktioner i banners eller annan reklam. S\u00e5dana externa l\u00e4nkar unders\u00f6ks, \u00f6vervakas eller kontrolleras inte av oss n\u00e4r det g\u00e4ller riktighet, l\u00e4mplighet, giltighet, tillf\u00f6rlitlighet, tillg\u00e4nglighet eller fullst\u00e4ndighet. VI GARANTERAR INTE, ST\u00c4LLER OSS BAKOM, GARANTERAR ELLER TAR ANSVAR F\u00d6R RIKTIGHETEN ELLER TILLF\u00d6RLITLIGHETEN HOS DEN INFORMATION SOM ERBJUDS AV WEBBPLATSER FR\u00c5N TREDJE PART SOM \u00c4R L\u00c4NKADE VIA WEBBPLATSEN ELLER N\u00c5GON WEBBPLATS ELLER FUNKTION SOM \u00c4R L\u00c4NKAD I EN BANNER ELLER ANNAN ANNONSERING. VI KOMMER INTE ATT VARA EN PART I ELLER P\u00c5 N\u00c5GOT S\u00c4TT VARA ANSVARIGA F\u00d6R ATT \u00d6VERVAKA TRANSAKTIONER MELLAN DIG OCH TREDJEPARTSLEVERANT\u00d6RER AV PRODUKTER ELLER TJ\u00c4NSTER.<\/p>\t\t\t\t\t\t\t\t<\/div>\n\t\t\t\t<\/div>\n\t\t\t\t<div class=\"elementor-element elementor-element-e0a7a96 elementor-widget elementor-widget-heading\" data-id=\"e0a7a96\" data-element_type=\"widget\" data-widget_type=\"heading.default\">\n\t\t\t\t<div class=\"elementor-widget-container\">\n\t\t\t\t\t<h2 class=\"elementor-heading-title elementor-size-default\">Ansvarsfriskrivning<\/h2>\t\t\t\t<\/div>\n\t\t\t\t<\/div>\n\t\t\t\t<div class=\"elementor-element elementor-element-e158948 elementor-widget elementor-widget-text-editor\" data-id=\"e158948\" data-element_type=\"widget\" data-widget_type=\"text-editor.default\">\n\t\t\t\t<div class=\"elementor-widget-container\">\n\t\t\t\t\t\t\t\t\t<p>Webbplatsen kan inte och inneh\u00e5ller inte juridisk r\u00e5dgivning. Den juridiska informationen tillhandah\u00e5lls endast i allm\u00e4nt informations- och utbildningssyfte och ers\u00e4tter inte professionell r\u00e5dgivning. Innan du vidtar n\u00e5gra \u00e5tg\u00e4rder p\u00e5 grundval av s\u00e5dan information uppmanar vi dig d\u00e4rf\u00f6r att r\u00e5dg\u00f6ra med l\u00e4mpliga yrkesm\u00e4n innan du vidtar n\u00e5gra \u00e5tg\u00e4rder. Vi tillhandah\u00e5ller inte n\u00e5gon form av juridisk r\u00e5dgivning. ANV\u00c4NDNING ELLER F\u00d6RLITANDE AV INFORMATION SOM FINNS P\u00c5 WEBBPLATSEN SKER UTESLUTANDE P\u00c5 EGEN RISK.<\/p><p>Webbplatsen kan inte och inneh\u00e5ller inte medicinska r\u00e5d eller h\u00e4lsor\u00e5d. Den medicinska informationen\/h\u00e4lsoinformationen\u00a0<span style=\"text-align: var(--text-align); background-color: var(--palettecolor8); font-size: inherit; font-style: var(--fontStyle, inherit); font-weight: var(--fontWeight); letter-spacing: var(--letterSpacing); text-transform: var(--textTransform);\">tillhandah\u00e5lls endast i allm\u00e4nt informations- och utbildningssyfte och ers\u00e4tter inte professionell r\u00e5dgivning. Innan du vidtar n\u00e5gra \u00e5tg\u00e4rder p\u00e5 grundval av s\u00e5dan information uppmanar vi dig d\u00e4rf\u00f6r att r\u00e5dg\u00f6ra med l\u00e4mpliga yrkesm\u00e4n innan du vidtar n\u00e5gra \u00e5tg\u00e4rder. Vi ger inga medicinska r\u00e5d eller h\u00e4lsor\u00e5d. ANV\u00c4NDNING ELLER F\u00d6RLITANDE AV N\u00c5GON INFORMATION SOM FINNS P\u00c5 WEBBPLATSEN SKER UTESLUTANDE P\u00c5 EGEN RISK.<\/span><\/p><p>Webbplatsen kan inte och inneh\u00e5ller inte r\u00e5d om fitness. Informationen om kondition\u00a0<span style=\"font-size: inherit; font-style: var(--fontStyle, inherit); font-weight: var(--fontWeight); letter-spacing: var(--letterSpacing); text-align: var(--text-align); text-transform: var(--textTransform); background-color: var(--palettecolor8);\">tillhandah\u00e5lls endast i allm\u00e4nt informations- och utbildningssyfte och ers\u00e4tter inte professionell r\u00e5dgivning. Innan du vidtar n\u00e5gra \u00e5tg\u00e4rder p\u00e5 grundval av s\u00e5dan information uppmanar vi dig d\u00e4rf\u00f6r att r\u00e5dg\u00f6ra med l\u00e4mpliga yrkesm\u00e4n innan du vidtar n\u00e5gra \u00e5tg\u00e4rder. Vi ger inga r\u00e5d om fitness. ANV\u00c4NDNING ELLER F\u00d6RLITANDE AV INFORMATION SOM FINNS P\u00c5 WEBBPLATSEN SKER UTESLUTANDE P\u00c5 EGEN RISK.<\/span><span style=\"text-align: var(--text-align); background-color: var(--palettecolor8); font-size: inherit; font-style: var(--fontStyle, inherit); font-weight: var(--fontWeight); letter-spacing: var(--letterSpacing); text-transform: var(--textTransform);\"><br \/><\/span><\/p>\t\t\t\t\t\t\t\t<\/div>\n\t\t\t\t<\/div>\n\t\t\t\t<div class=\"elementor-element elementor-element-185d7e9 elementor-widget elementor-widget-heading\" data-id=\"185d7e9\" data-element_type=\"widget\" data-widget_type=\"heading.default\">\n\t\t\t\t<div class=\"elementor-widget-container\">\n\t\t\t\t\t<h2 class=\"elementor-heading-title elementor-size-default\">Ansvarsfriskrivning f\u00f6r affilierade f\u00f6retag<\/h2>\t\t\t\t<\/div>\n\t\t\t\t<\/div>\n\t\t\t\t<div class=\"elementor-element elementor-element-564cbf4 elementor-widget elementor-widget-text-editor\" data-id=\"564cbf4\" data-element_type=\"widget\" data-widget_type=\"text-editor.default\">\n\t\t\t\t<div class=\"elementor-widget-container\">\n\t\t\t\t\t\t\t\t\t<p>Webbplatsen kan inneh\u00e5lla l\u00e4nkar till partnerwebbplatser, och vi f\u00e5r en affiliateprovision f\u00f6r alla k\u00f6p som du g\u00f6r p\u00e5 partnerwebbplatsen med hj\u00e4lp av s\u00e5dana l\u00e4nkar. Bland v\u00e5ra dotterbolag finns f\u00f6ljande:<\/p><ul><li>Google Adsense<\/li><\/ul><p>Vi deltar i Amazon Services LLC Associates Program, ett program f\u00f6r affiliateannonsering som \u00e4r utformat f\u00f6r att ge oss ett s\u00e4tt att tj\u00e4na annonseringsavgifter genom att l\u00e4nka till Amazon.com och anslutna webbplatser.<\/p>\t\t\t\t\t\t\t\t<\/div>\n\t\t\t\t<\/div>\n\t\t\t\t<div class=\"elementor-element elementor-element-1667e31 elementor-widget elementor-widget-heading\" data-id=\"1667e31\" data-element_type=\"widget\" data-widget_type=\"heading.default\">\n\t\t\t\t<div class=\"elementor-widget-container\">\n\t\t\t\t\t<h2 class=\"elementor-heading-title elementor-size-default\">Ansvarsfriskrivning f\u00f6r vittnesm\u00e5l<\/h2>\t\t\t\t<\/div>\n\t\t\t\t<\/div>\n\t\t\t\t<div class=\"elementor-element elementor-element-2e56482 elementor-widget elementor-widget-text-editor\" data-id=\"2e56482\" data-element_type=\"widget\" data-widget_type=\"text-editor.default\">\n\t\t\t\t<div class=\"elementor-widget-container\">\n\t\t\t\t\t\t\t\t\t<p>Webbplatsen kan inneh\u00e5lla vittnesm\u00e5l fr\u00e5n anv\u00e4ndare av v\u00e5ra produkter och\/eller tj\u00e4nster. Dessa vittnesm\u00e5l \u00e5terspeglar s\u00e5dana anv\u00e4ndares verkliga erfarenheter och \u00e5sikter. Erfarenheterna \u00e4r dock personliga f\u00f6r just dessa anv\u00e4ndare och \u00e4r inte n\u00f6dv\u00e4ndigtvis representativa f\u00f6r alla anv\u00e4ndare av v\u00e5ra produkter och\/eller tj\u00e4nster. Vi h\u00e4vdar inte, och du b\u00f6r inte anta, att alla anv\u00e4ndare kommer att ha samma erfarenheter. DINA INDIVIDUELLA RESULTAT KAN VARIERA. Vittnesm\u00e5len p\u00e5 webbplatsen l\u00e4mnas in i olika former, t.ex. i form av text, ljud och\/eller video, och granskas av oss innan de publiceras. De visas p\u00e5 webbplatsen ordagrant s\u00e5 som de har l\u00e4mnats av anv\u00e4ndarna, med undantag f\u00f6r korrigering av grammatik- eller skrivfel. Vissa vittnesm\u00e5l kan ha f\u00f6rkortats i syfte att g\u00f6ra dem kortfattade n\u00e4r det fullst\u00e4ndiga vittnesm\u00e5let inneh\u00f6ll ovidkommande information som inte var relevant f\u00f6r allm\u00e4nheten. Denna webbplats kan ibland tillhandah\u00e5lla sponsrade, kompenserade eller andra f\u00f6rdelaktiga recensioner f\u00f6r speakingofbikes.com. vittnesm\u00e5len p\u00e5 webbplatsen \u00e4r inte avsedda och b\u00f6r inte heller tolkas som p\u00e5st\u00e5enden om att v\u00e5ra produkter och\/eller tj\u00e4nster kan anv\u00e4ndas f\u00f6r att diagnostisera, behandla, lindra, bota, f\u00f6rebygga eller p\u00e5 annat s\u00e4tt anv\u00e4ndas f\u00f6r n\u00e5gon sjukdom eller medicinskt tillst\u00e5nd. Inga vittnesm\u00e5l har blivit kliniskt bevisade eller utv\u00e4rderade.<\/p><p>Denna ansvarsfriskrivning skapades med hj\u00e4lp av <a href=\"https:\/\/termly.io\/products\/disclaimer-generator\/\" target=\"_blank\" rel=\"noopener\">Termlys generator f\u00f6r ansvarsfriskrivning<\/a>.<\/p>\t\t\t\t\t\t\t\t<\/div>\n\t\t\t\t<\/div>\n\t\t\t\t\t<\/div>\n\t\t\t\t<\/div>\n\t\t\t\t<\/div>","protected":false},"excerpt":{"rendered":"<p>Ansvarsfriskrivning f\u00f6r speaking of bikes Ansvarsfriskrivning Senast uppdaterad 15 november Ansvarsfriskrivning f\u00f6r webbplats Informationen som tillhandah\u00e5lls av Speaking of Bikes (\"vi\", \"oss\" eller \"v\u00e5r\") p\u00e5 https:\/\/speakingofbikes.com (\"webbplatsen\") \u00e4r endast avsedd f\u00f6r allm\u00e4nna informations\u00e4ndam\u00e5l. All information p\u00e5 webbplatsen tillhandah\u00e5lls i god tro, men vi g\u00f6r ingen representation eller garanti av n\u00e5got slag, uttrycklig eller [...]<\/p>","protected":false},"author":1,"featured_media":0,"parent":0,"menu_order":0,"comment_status":"closed","ping_status":"closed","template":"","meta":{"footnotes":""},"class_list":["post-2026","page","type-page","status-publish","hentry"],"blocksy_meta":{"styles_descriptor":{"styles":{"desktop":"","tablet":"","mobile":""},"google_fonts":[],"version":6}},"featured_image_src":null,"_links":{"self":[{"href":"https:\/\/speakingofbikes.com\/sv\/wp-json\/wp\/v2\/pages\/2026","targetHints":{"allow":["GET"]}}],"collection":[{"href":"https:\/\/speakingofbikes.com\/sv\/wp-json\/wp\/v2\/pages"}],"about":[{"href":"https:\/\/speakingofbikes.com\/sv\/wp-json\/wp\/v2\/types\/page"}],"author":[{"embeddable":true,"href":"https:\/\/speakingofbikes.com\/sv\/wp-json\/wp\/v2\/users\/1"}],"replies":[{"embeddable":true,"href":"https:\/\/speakingofbikes.com\/sv\/wp-json\/wp\/v2\/comments?post=2026"}],"version-history":[{"count":0,"href":"https:\/\/speakingofbikes.com\/sv\/wp-json\/wp\/v2\/pages\/2026\/revisions"}],"wp:attachment":[{"href":"https:\/\/speakingofbikes.com\/sv\/wp-json\/wp\/v2\/media?parent=2026"}],"curies":[{"name":"wp","href":"https:\/\/api.w.org\/{rel}","templated":true}]}}