{"id":2026,"date":"2022-11-15T22:34:31","date_gmt":"2022-11-15T20:34:31","guid":{"rendered":"https:\/\/speakingofbikes.com\/?page_id=2026"},"modified":"2022-12-16T20:03:42","modified_gmt":"2022-12-16T18:03:42","slug":"disclaimer","status":"publish","type":"page","link":"https:\/\/speakingofbikes.com\/pt\/renuncia-de-responsabilidade\/","title":{"rendered":"Declara\u00e7\u00e3o de exonera\u00e7\u00e3o de responsabilidade"},"content":{"rendered":"<div data-elementor-type=\"wp-page\" data-elementor-id=\"2026\" class=\"elementor elementor-2026\">\n\t\t\t\t<div class=\"elementor-element elementor-element-a069f09 e-flex e-con-boxed e-con e-parent\" data-id=\"a069f09\" data-element_type=\"container\">\n\t\t\t\t\t<div class=\"e-con-inner\">\n\t\t\t\t<div class=\"elementor-element elementor-element-767654d elementor-widget elementor-widget-heading\" data-id=\"767654d\" data-element_type=\"widget\" data-widget_type=\"heading.default\">\n\t\t\t\t<div class=\"elementor-widget-container\">\n\t\t\t\t\t<h1 class=\"elementor-heading-title elementor-size-default\">Aviso de isen\u00e7\u00e3o de responsabilidade por falar de bicicletas<\/h1>\t\t\t\t<\/div>\n\t\t\t\t<\/div>\n\t\t\t\t\t<\/div>\n\t\t\t\t<\/div>\n\t\t<div class=\"elementor-element elementor-element-fcbc2d7 e-flex e-con-boxed e-con e-parent\" data-id=\"fcbc2d7\" data-element_type=\"container\">\n\t\t\t\t\t<div class=\"e-con-inner\">\n\t\t\t\t<div class=\"elementor-element elementor-element-9158468 elementor-widget elementor-widget-heading\" data-id=\"9158468\" data-element_type=\"widget\" data-widget_type=\"heading.default\">\n\t\t\t\t<div class=\"elementor-widget-container\">\n\t\t\t\t\t<h2 class=\"elementor-heading-title elementor-size-default\">Declara\u00e7\u00e3o de exonera\u00e7\u00e3o de responsabilidade<\/h2>\t\t\t\t<\/div>\n\t\t\t\t<\/div>\n\t\t\t\t<div class=\"elementor-element elementor-element-0007344 elementor-widget elementor-widget-text-editor\" data-id=\"0007344\" data-element_type=\"widget\" data-widget_type=\"text-editor.default\">\n\t\t\t\t<div class=\"elementor-widget-container\">\n\t\t\t\t\t\t\t\t\t<p><b>\u00daltima actualiza\u00e7\u00e3o: 15 de Novembro<\/b><\/p>\t\t\t\t\t\t\t\t<\/div>\n\t\t\t\t<\/div>\n\t\t\t\t<div class=\"elementor-element elementor-element-0e11157 elementor-widget elementor-widget-heading\" data-id=\"0e11157\" data-element_type=\"widget\" data-widget_type=\"heading.default\">\n\t\t\t\t<div class=\"elementor-widget-container\">\n\t\t\t\t\t<h2 class=\"elementor-heading-title elementor-size-default\">Isen\u00e7\u00e3o de responsabilidade do website<\/h2>\t\t\t\t<\/div>\n\t\t\t\t<\/div>\n\t\t\t\t<div class=\"elementor-element elementor-element-090e080 elementor-widget elementor-widget-text-editor\" data-id=\"090e080\" data-element_type=\"widget\" data-widget_type=\"text-editor.default\">\n\t\t\t\t<div class=\"elementor-widget-container\">\n\t\t\t\t\t\t\t\t\t<p>A informa\u00e7\u00e3o fornecida por Speaking of Bikes (\"n\u00f3s\", \"nos\", ou \"nosso\") em https:\/\/speakingofbikes.com (o \"Site\") \u00e9 apenas para fins de informa\u00e7\u00e3o geral. Todas as informa\u00e7\u00f5es no S\u00edtio s\u00e3o fornecidas de boa f\u00e9, contudo n\u00e3o fazemos qualquer tipo de representa\u00e7\u00e3o ou garantia, expressa ou impl\u00edcita, relativamente \u00e0 exactid\u00e3o, adequa\u00e7\u00e3o, validade, fiabilidade, disponibilidade, ou integralidade de qualquer informa\u00e7\u00e3o no S\u00edtio. EM NENHUMA CIRCUNST\u00c2NCIA TEREMOS QUALQUER RESPONSABILIDADE PERANTE O UTILIZADOR POR QUALQUER PERDA OU DANO DE QUALQUER TIPO INCORRIDO COMO RESULTADO DA UTILIZA\u00c7\u00c3O DO S\u00cdTIO OU CONFIAN\u00c7A EM QUALQUER INFORMA\u00c7\u00c3O FORNECIDA NO S\u00cdTIO. A SUA UTILIZA\u00c7\u00c3O DO SITE E A SUA CONFIAN\u00c7A EM QUALQUER INFORMA\u00c7\u00c3O DO SITE \u00c9 EXCLUSIVAMENTE POR SUA CONTA E RISCO<\/p>\t\t\t\t\t\t\t\t<\/div>\n\t\t\t\t<\/div>\n\t\t\t\t<div class=\"elementor-element elementor-element-0c9ab98 elementor-widget elementor-widget-heading\" data-id=\"0c9ab98\" data-element_type=\"widget\" data-widget_type=\"heading.default\">\n\t\t\t\t<div class=\"elementor-widget-container\">\n\t\t\t\t\t<h2 class=\"elementor-heading-title elementor-size-default\">Isen\u00e7\u00e3o de responsabilidade da liga\u00e7\u00e3o externa<\/h2>\t\t\t\t<\/div>\n\t\t\t\t<\/div>\n\t\t\t\t<div class=\"elementor-element elementor-element-29d53e0 elementor-widget elementor-widget-text-editor\" data-id=\"29d53e0\" data-element_type=\"widget\" data-widget_type=\"text-editor.default\">\n\t\t\t\t<div class=\"elementor-widget-container\">\n\t\t\t\t\t\t\t\t\t<p>O Site pode conter (ou pode ser enviado atrav\u00e9s do Site) links para outros websites ou conte\u00fados pertencentes ou origin\u00e1rios de terceiros ou links para websites e caracter\u00edsticas em banners ou outra publicidade. Tais liga\u00e7\u00f5es externas n\u00e3o s\u00e3o investigadas, monitorizadas, ou verificadas por n\u00f3s quanto \u00e0 exactid\u00e3o, adequa\u00e7\u00e3o, validade, fiabilidade, disponibilidade, ou integralidade. N\u00c3O GARANTIMOS, ENDOSSAMOS, GARANTIMOS, OU ASSUMIMOS RESPONSABILIDADE PELA EXACTID\u00c3O OU FIABILIDADE DE QUALQUER INFORMA\u00c7\u00c3O OFERECIDA POR WEBSITES DE TERCEIROS LIGADOS ATRAV\u00c9S DO WEBSITE OU DE QUALQUER WEBSITE OU CARACTER\u00cdSTICA LIGADA EM QUALQUER BANNER OU OUTRO TIPO DE PUBLICIDADE. N\u00c3O SEREMOS PARTE OU DE QUALQUER FORMA RESPONS\u00c1VEIS PELO CONTROLO DE QUALQUER TRANSAC\u00c7\u00c3O ENTRE O UTILIZADOR E FORNECEDORES DE PRODUTOS OU SERVI\u00c7OS DE TERCEIROS.<\/p>\t\t\t\t\t\t\t\t<\/div>\n\t\t\t\t<\/div>\n\t\t\t\t<div class=\"elementor-element elementor-element-e0a7a96 elementor-widget elementor-widget-heading\" data-id=\"e0a7a96\" data-element_type=\"widget\" data-widget_type=\"heading.default\">\n\t\t\t\t<div class=\"elementor-widget-container\">\n\t\t\t\t\t<h2 class=\"elementor-heading-title elementor-size-default\">Ren\u00fancia profissional<\/h2>\t\t\t\t<\/div>\n\t\t\t\t<\/div>\n\t\t\t\t<div class=\"elementor-element elementor-element-e158948 elementor-widget elementor-widget-text-editor\" data-id=\"e158948\" data-element_type=\"widget\" data-widget_type=\"text-editor.default\">\n\t\t\t\t<div class=\"elementor-widget-container\">\n\t\t\t\t\t\t\t\t\t<p>O Site n\u00e3o pode e n\u00e3o cont\u00e9m aconselhamento jur\u00eddico. A informa\u00e7\u00e3o jur\u00eddica \u00e9 fornecida apenas para fins informativos e educativos gerais e n\u00e3o substitui o aconselhamento profissional. Por conseguinte, antes de tomar quaisquer ac\u00e7\u00f5es baseadas em tais informa\u00e7\u00f5es, encorajamo-lo a consultar os profissionais apropriados. N\u00e3o prestamos qualquer tipo de aconselhamento jur\u00eddico. A UTILIZA\u00c7\u00c3O OU CONFIAN\u00c7A EM QUALQUER INFORMA\u00c7\u00c3O CONTIDA NO SITE \u00c9 EXCLUSIVAMENTE POR SUA CONTA E RISCO.<\/p><p>O Site n\u00e3o pode e n\u00e3o cont\u00e9m conselhos m\u00e9dicos\/sa\u00fade. A informa\u00e7\u00e3o m\u00e9dica\/sa\u00fade\u00a0<span style=\"text-align: var(--text-align); background-color: var(--palettecolor8); font-size: inherit; font-style: var(--fontStyle, inherit); font-weight: var(--fontWeight); letter-spacing: var(--letterSpacing); text-transform: var(--textTransform);\">\u00e9 fornecido apenas para fins informativos e educativos gerais e n\u00e3o substitui o aconselhamento profissional. Consequentemente, antes de tomar quaisquer ac\u00e7\u00f5es baseadas em tais informa\u00e7\u00f5es, encorajamo-lo a consultar os profissionais apropriados. N\u00e3o prestamos qualquer tipo de aconselhamento m\u00e9dico\/sa\u00fade. A UTILIZA\u00c7\u00c3O OU CONFIAN\u00c7A EM QUALQUER INFORMA\u00c7\u00c3O CONTIDA NO SITE \u00c9 EXCLUSIVAMENTE POR SUA CONTA E RISCO.<\/span><\/p><p>O Site n\u00e3o pode e n\u00e3o cont\u00e9m conselhos de aptid\u00e3o f\u00edsica. A informa\u00e7\u00e3o sobre aptid\u00e3o f\u00edsica\u00a0<span style=\"font-size: inherit; font-style: var(--fontStyle, inherit); font-weight: var(--fontWeight); letter-spacing: var(--letterSpacing); text-align: var(--text-align); text-transform: var(--textTransform); background-color: var(--palettecolor8);\">\u00e9 fornecido apenas para fins informativos e educativos gerais e n\u00e3o substitui o aconselhamento profissional. Consequentemente, antes de tomar quaisquer ac\u00e7\u00f5es baseadas em tais informa\u00e7\u00f5es, encorajamo-lo a consultar os profissionais apropriados. N\u00e3o fornecemos qualquer tipo de aconselhamento de aptid\u00e3o f\u00edsica. A UTILIZA\u00c7\u00c3O OU CONFIAN\u00c7A EM QUALQUER INFORMA\u00c7\u00c3O CONTIDA NO SITE \u00c9 EXCLUSIVAMENTE POR SUA CONTA E RISCO.<\/span><span style=\"text-align: var(--text-align); background-color: var(--palettecolor8); font-size: inherit; font-style: var(--fontStyle, inherit); font-weight: var(--fontWeight); letter-spacing: var(--letterSpacing); text-transform: var(--textTransform);\"><br \/><\/span><\/p>\t\t\t\t\t\t\t\t<\/div>\n\t\t\t\t<\/div>\n\t\t\t\t<div class=\"elementor-element elementor-element-185d7e9 elementor-widget elementor-widget-heading\" data-id=\"185d7e9\" data-element_type=\"widget\" data-widget_type=\"heading.default\">\n\t\t\t\t<div class=\"elementor-widget-container\">\n\t\t\t\t\t<h2 class=\"elementor-heading-title elementor-size-default\">Ren\u00fancia de responsabilidade dos afiliados<\/h2>\t\t\t\t<\/div>\n\t\t\t\t<\/div>\n\t\t\t\t<div class=\"elementor-element elementor-element-564cbf4 elementor-widget elementor-widget-text-editor\" data-id=\"564cbf4\" data-element_type=\"widget\" data-widget_type=\"text-editor.default\">\n\t\t\t\t<div class=\"elementor-widget-container\">\n\t\t\t\t\t\t\t\t\t<p>O Site pode conter links para websites afiliados, e recebemos uma comiss\u00e3o de afilia\u00e7\u00e3o por quaisquer compras feitas por si no website afiliado utilizando tais links. Os nossos afiliados incluem o seguinte:<\/p><ul><li>Google Adsense<\/li><\/ul><p>Somos participantes no Programa de Associados da Amazon Services LLC, um programa de publicidade de afiliados concebido para nos fornecer um meio de ganhar taxas de publicidade atrav\u00e9s de links para a Amazon.com e websites afiliados.<\/p>\t\t\t\t\t\t\t\t<\/div>\n\t\t\t\t<\/div>\n\t\t\t\t<div class=\"elementor-element elementor-element-1667e31 elementor-widget elementor-widget-heading\" data-id=\"1667e31\" data-element_type=\"widget\" data-widget_type=\"heading.default\">\n\t\t\t\t<div class=\"elementor-widget-container\">\n\t\t\t\t\t<h2 class=\"elementor-heading-title elementor-size-default\">Testemunhos<\/h2>\t\t\t\t<\/div>\n\t\t\t\t<\/div>\n\t\t\t\t<div class=\"elementor-element elementor-element-2e56482 elementor-widget elementor-widget-text-editor\" data-id=\"2e56482\" data-element_type=\"widget\" data-widget_type=\"text-editor.default\">\n\t\t\t\t<div class=\"elementor-widget-container\">\n\t\t\t\t\t\t\t\t\t<p>O Site pode conter testemunhos de utilizadores dos nossos produtos e\/ou servi\u00e7os. Estes testemunhos reflectem as experi\u00eancias da vida real e as opini\u00f5es desses utilizadores. Contudo, as experi\u00eancias s\u00e3o pessoais para esses utilizadores particulares, e podem n\u00e3o ser necessariamente representativas de todos os utilizadores dos nossos produtos e\/ou servi\u00e7os. N\u00e3o afirmamos, e n\u00e3o se deve assumir, que todos os utilizadores ter\u00e3o as mesmas experi\u00eancias. OS SEUS RESULTADOS INDIVIDUAIS PODEM VARIAR. Os testemunhos no S\u00edtio s\u00e3o submetidos em v\u00e1rias formas, tais como texto, \u00e1udio e\/ou v\u00eddeo, e s\u00e3o por n\u00f3s revistos antes de serem publicados. Aparecem no S\u00edtio textualmente como dados pelos utilizadores, excepto para a correc\u00e7\u00e3o de erros gramaticais ou de dactilografia. Alguns testemunhos podem ter sido encurtados por uma quest\u00e3o de brevidade, quando o testemunho completo continha informa\u00e7\u00f5es estranhas n\u00e3o relevantes para o p\u00fablico em geral. Os pontos de vista e opini\u00f5es contidos nos testemunhos pertencem exclusivamente ao utilizador individual e n\u00e3o reflectem os nossos pontos de vista e opini\u00f5es. Este site pode ocasionalmente fornecer revis\u00f5es patrocinadas, compensadas ou outras revis\u00f5es vantajosas para speakingofbikes.com.Os testemunhos no Site n\u00e3o se destinam, nem devem ser interpretados, como afirma\u00e7\u00f5es de que os nossos produtos e\/ou servi\u00e7os podem ser utilizados para diagnosticar, tratar, mitigar, curar, prevenir, ou de outra forma ser utilizados para qualquer doen\u00e7a ou condi\u00e7\u00e3o m\u00e9dica. N\u00e3o foram clinicamente provados ou avaliados testemunhos.<\/p><p>Esta isen\u00e7\u00e3o de responsabilidade foi criada utilizando <a href=\"https:\/\/termly.io\/products\/disclaimer-generator\/\" target=\"_blank\" rel=\"noopener\">Gerador de Termo de Responsabilidade<\/a>.<\/p>\t\t\t\t\t\t\t\t<\/div>\n\t\t\t\t<\/div>\n\t\t\t\t\t<\/div>\n\t\t\t\t<\/div>\n\t\t\t\t<\/div>","protected":false},"excerpt":{"rendered":"<p>Isen\u00e7\u00e3o de responsabilidade para o Speaking of Bikes Isen\u00e7\u00e3o de responsabilidade \u00daltima atualiza\u00e7\u00e3o em 15 de novembro Isen\u00e7\u00e3o de responsabilidade do s\u00edtio Web As informa\u00e7\u00f5es fornecidas pelo Speaking of Bikes (\"n\u00f3s\", \"nos\" ou \"nosso\") em https:\/\/speakingofbikes.com (o \"S\u00edtio\") destinam-se apenas a fins informativos gerais. Todas as informa\u00e7\u00f5es no S\u00edtio s\u00e3o fornecidas de boa f\u00e9, no entanto, n\u00e3o fazemos qualquer representa\u00e7\u00e3o ou garantia de qualquer tipo, expressa ou [...]<\/p>","protected":false},"author":1,"featured_media":0,"parent":0,"menu_order":0,"comment_status":"closed","ping_status":"closed","template":"","meta":{"footnotes":""},"class_list":["post-2026","page","type-page","status-publish","hentry"],"blocksy_meta":{"styles_descriptor":{"styles":{"desktop":"","tablet":"","mobile":""},"google_fonts":[],"version":6}},"featured_image_src":null,"_links":{"self":[{"href":"https:\/\/speakingofbikes.com\/pt\/wp-json\/wp\/v2\/pages\/2026","targetHints":{"allow":["GET"]}}],"collection":[{"href":"https:\/\/speakingofbikes.com\/pt\/wp-json\/wp\/v2\/pages"}],"about":[{"href":"https:\/\/speakingofbikes.com\/pt\/wp-json\/wp\/v2\/types\/page"}],"author":[{"embeddable":true,"href":"https:\/\/speakingofbikes.com\/pt\/wp-json\/wp\/v2\/users\/1"}],"replies":[{"embeddable":true,"href":"https:\/\/speakingofbikes.com\/pt\/wp-json\/wp\/v2\/comments?post=2026"}],"version-history":[{"count":0,"href":"https:\/\/speakingofbikes.com\/pt\/wp-json\/wp\/v2\/pages\/2026\/revisions"}],"wp:attachment":[{"href":"https:\/\/speakingofbikes.com\/pt\/wp-json\/wp\/v2\/media?parent=2026"}],"curies":[{"name":"wp","href":"https:\/\/api.w.org\/{rel}","templated":true}]}}