{"id":1051,"date":"2022-10-26T08:47:48","date_gmt":"2022-10-26T06:47:48","guid":{"rendered":"https:\/\/speakingofbikes.com\/?page_id=1051"},"modified":"2023-01-03T11:29:12","modified_gmt":"2023-01-03T09:29:12","slug":"about-us","status":"publish","type":"page","link":"https:\/\/speakingofbikes.com\/pt\/sobre-nos\/","title":{"rendered":"Sobre n\u00f3s"},"content":{"rendered":"<div data-elementor-type=\"wp-page\" data-elementor-id=\"1051\" class=\"elementor elementor-1051\">\n\t\t\t\t\t\t<section class=\"elementor-section elementor-top-section elementor-element elementor-element-36f85aea elementor-section-content-middle elementor-section-full_width elementor-reverse-mobile elementor-reverse-tablet ct-section-stretched elementor-section-height-default elementor-section-height-default\" data-id=\"36f85aea\" data-element_type=\"section\">\n\t\t\t\t\t\t<div class=\"elementor-container elementor-column-gap-no\">\n\t\t\t\t\t<div class=\"elementor-column elementor-col-50 elementor-top-column elementor-element elementor-element-4d3f9e8f\" data-id=\"4d3f9e8f\" data-element_type=\"column\">\n\t\t\t<div class=\"elementor-widget-wrap elementor-element-populated\">\n\t\t\t\t\t\t<div class=\"elementor-element elementor-element-7a4847e3 elementor-widget elementor-widget-image\" data-id=\"7a4847e3\" data-element_type=\"widget\" data-widget_type=\"image.default\">\n\t\t\t\t<div class=\"elementor-widget-container\">\n\t\t\t\t\t\t\t\t\t\t\t\t\t\t\t<img fetchpriority=\"high\" decoding=\"async\" width=\"1440\" height=\"1920\" src=\"https:\/\/speakingofbikes.com\/wp-content\/uploads\/2022\/10\/luca-j-AeXvOcwHCxk-unsplash.jpg\" class=\"attachment-full size-full wp-image-1063\" alt=\"ciclismo de estrada pov\" srcset=\"https:\/\/speakingofbikes.com\/wp-content\/uploads\/2022\/10\/luca-j-AeXvOcwHCxk-unsplash.jpg 1440w, https:\/\/speakingofbikes.com\/wp-content\/uploads\/2022\/10\/luca-j-AeXvOcwHCxk-unsplash-225x300.jpg 225w, https:\/\/speakingofbikes.com\/wp-content\/uploads\/2022\/10\/luca-j-AeXvOcwHCxk-unsplash-768x1024.jpg 768w, https:\/\/speakingofbikes.com\/wp-content\/uploads\/2022\/10\/luca-j-AeXvOcwHCxk-unsplash-1152x1536.jpg 1152w\" sizes=\"(max-width: 1440px) 100vw, 1440px\" \/>\t\t\t\t\t\t\t\t\t\t\t\t\t\t\t<\/div>\n\t\t\t\t<\/div>\n\t\t\t\t\t<\/div>\n\t\t<\/div>\n\t\t\t\t<div class=\"elementor-column elementor-col-50 elementor-top-column elementor-element elementor-element-7ce5c3c0\" data-id=\"7ce5c3c0\" data-element_type=\"column\">\n\t\t\t<div class=\"elementor-widget-wrap elementor-element-populated\">\n\t\t\t\t\t\t<div class=\"elementor-element elementor-element-39c8554e elementor-widget elementor-widget-heading\" data-id=\"39c8554e\" data-element_type=\"widget\" data-widget_type=\"heading.default\">\n\t\t\t\t<div class=\"elementor-widget-container\">\n\t\t\t\t\t<h1 class=\"elementor-heading-title elementor-size-default\">Sobre n\u00f3s<\/h1>\t\t\t\t<\/div>\n\t\t\t\t<\/div>\n\t\t\t\t<div class=\"elementor-element elementor-element-1f496103 elementor-widget elementor-widget-text-editor\" data-id=\"1f496103\" data-element_type=\"widget\" data-widget_type=\"text-editor.default\">\n\t\t\t\t<div class=\"elementor-widget-container\">\n\t\t\t\t\t\t\t\t\t<p>Prazer em t\u00ea-lo!<\/p><p>Quem sou eu? Andreas, Obrigado por perguntar. Sou um entusiasta de ciclismo de 25 anos de idade que queria experimentar o blogue.<\/p><p>Este blog nasceu da pura paix\u00e3o pelo estilo de vida e pelo desporto \"Road Cycling\".<\/p><p>\u00c9 por isso que a maior parte do meu conte\u00fado ser\u00e1 sobre ciclismo de estrada. At\u00e9 agora, estou sozinho nisto e gostaria muito que contribu\u00edssem por escrito com mais conte\u00fado para que todos possam desfrutar.<\/p><p>Se tem o mesmo amor pelo Caf\u00e9 que eu tenho, por favor verifique o meu\u00a0<a href=\"https:\/\/speakingofcoffee.com\" target=\"_blank\" rel=\"noopener\">blogue do caf\u00e9<\/a>!<\/p>\t\t\t\t\t\t\t\t<\/div>\n\t\t\t\t<\/div>\n\t\t\t\t\t<\/div>\n\t\t<\/div>\n\t\t\t\t\t<\/div>\n\t\t<\/section>\n\t\t\t\t<section class=\"elementor-section elementor-top-section elementor-element elementor-element-18a7ffe7 elementor-section-content-middle elementor-section-full_width elementor-section-height-default elementor-section-height-default\" data-id=\"18a7ffe7\" data-element_type=\"section\">\n\t\t\t\t\t\t<div class=\"elementor-container elementor-column-gap-no\">\n\t\t\t\t\t<div class=\"elementor-column elementor-col-50 elementor-top-column elementor-element elementor-element-5504cd9f\" data-id=\"5504cd9f\" data-element_type=\"column\">\n\t\t\t<div class=\"elementor-widget-wrap elementor-element-populated\">\n\t\t\t\t\t\t<div class=\"elementor-element elementor-element-4c622493 elementor-widget elementor-widget-heading\" data-id=\"4c622493\" data-element_type=\"widget\" data-widget_type=\"heading.default\">\n\t\t\t\t<div class=\"elementor-widget-container\">\n\t\t\t\t\t<h2 class=\"elementor-heading-title elementor-size-default\">A minha vis\u00e3o<\/h2>\t\t\t\t<\/div>\n\t\t\t\t<\/div>\n\t\t\t\t<div class=\"elementor-element elementor-element-4874cb98 elementor-widget elementor-widget-text-editor\" data-id=\"4874cb98\" data-element_type=\"widget\" data-widget_type=\"text-editor.default\">\n\t\t\t\t<div class=\"elementor-widget-container\">\n\t\t\t\t\t\t\t\t\t<p>Para se tornar o seu balc\u00e3o \u00fanico em rela\u00e7\u00e3o a tudo \"Biking<\/p>\t\t\t\t\t\t\t\t<\/div>\n\t\t\t\t<\/div>\n\t\t\t\t\t<\/div>\n\t\t<\/div>\n\t\t\t\t<div class=\"elementor-column elementor-col-50 elementor-top-column elementor-element elementor-element-307f9720\" data-id=\"307f9720\" data-element_type=\"column\">\n\t\t\t<div class=\"elementor-widget-wrap elementor-element-populated\">\n\t\t\t\t\t\t<div class=\"elementor-element elementor-element-67e068c elementor-widget elementor-widget-image\" data-id=\"67e068c\" data-element_type=\"widget\" data-widget_type=\"image.default\">\n\t\t\t\t<div class=\"elementor-widget-container\">\n\t\t\t\t\t\t\t\t\t\t\t\t\t\t\t<img decoding=\"async\" width=\"1024\" height=\"951\" src=\"https:\/\/speakingofbikes.com\/wp-content\/uploads\/2022\/10\/arvydas-venckus-bjYSsOPIJa0-unsplash-1-e1667143631857-1024x951.webp\" class=\"attachment-large size-large wp-image-1373\" alt=\"bicicleta de corrida meio na \u00e1gua com as montanhas no fundo\" srcset=\"https:\/\/speakingofbikes.com\/wp-content\/uploads\/2022\/10\/arvydas-venckus-bjYSsOPIJa0-unsplash-1-e1667143631857-1024x951.webp 1024w, https:\/\/speakingofbikes.com\/wp-content\/uploads\/2022\/10\/arvydas-venckus-bjYSsOPIJa0-unsplash-1-e1667143631857-300x279.webp 300w, https:\/\/speakingofbikes.com\/wp-content\/uploads\/2022\/10\/arvydas-venckus-bjYSsOPIJa0-unsplash-1-e1667143631857-768x713.webp 768w, https:\/\/speakingofbikes.com\/wp-content\/uploads\/2022\/10\/arvydas-venckus-bjYSsOPIJa0-unsplash-1-e1667143631857.webp 1483w\" sizes=\"(max-width: 1024px) 100vw, 1024px\" \/>\t\t\t\t\t\t\t\t\t\t\t\t\t\t\t<\/div>\n\t\t\t\t<\/div>\n\t\t\t\t\t<\/div>\n\t\t<\/div>\n\t\t\t\t\t<\/div>\n\t\t<\/section>\n\t\t\t\t<section class=\"elementor-section elementor-top-section elementor-element elementor-element-7153948c elementor-section-content-middle elementor-reverse-tablet elementor-reverse-mobile elementor-section-boxed elementor-section-height-default elementor-section-height-default\" data-id=\"7153948c\" data-element_type=\"section\">\n\t\t\t\t\t\t<div class=\"elementor-container elementor-column-gap-no\">\n\t\t\t\t\t<div class=\"elementor-column elementor-col-100 elementor-top-column elementor-element elementor-element-43d9934c\" data-id=\"43d9934c\" data-element_type=\"column\">\n\t\t\t<div class=\"elementor-widget-wrap elementor-element-populated\">\n\t\t\t\t\t\t<div class=\"elementor-element elementor-element-1af23288 elementor-widget elementor-widget-heading\" data-id=\"1af23288\" data-element_type=\"widget\" data-widget_type=\"heading.default\">\n\t\t\t\t<div class=\"elementor-widget-container\">\n\t\t\t\t\t<h3 class=\"elementor-heading-title elementor-size-default\">A sua paix\u00e3o tamb\u00e9m est\u00e1 nas bicicletas?<\/h3>\t\t\t\t<\/div>\n\t\t\t\t<\/div>\n\t\t\t\t<div class=\"elementor-element elementor-element-16095874 elementor-widget elementor-widget-text-editor\" data-id=\"16095874\" data-element_type=\"widget\" data-widget_type=\"text-editor.default\">\n\t\t\t\t<div class=\"elementor-widget-container\">\n\t\t\t\t\t\t\t\t\t<p>Contacte-me se quiser contribuir para este blogue e para a comunidade de ciclismo<\/p>\t\t\t\t\t\t\t\t<\/div>\n\t\t\t\t<\/div>\n\t\t\t\t<div class=\"elementor-element elementor-element-3c134360 elementor-align-center elementor-mobile-align-center elementor-widget elementor-widget-button\" data-id=\"3c134360\" data-element_type=\"widget\" data-widget_type=\"button.default\">\n\t\t\t\t<div class=\"elementor-widget-container\">\n\t\t\t\t\t\t\t\t\t<div class=\"elementor-button-wrapper\">\n\t\t\t\t\t<a class=\"elementor-button elementor-button-link elementor-size-sm\" href=\"https:\/\/speakingofbikes.com\/pt\/contacto\/\">\n\t\t\t\t\t\t<span class=\"elementor-button-content-wrapper\">\n\t\t\t\t\t\t\t\t\t<span class=\"elementor-button-text\">Enviar um DM<\/span>\n\t\t\t\t\t<\/span>\n\t\t\t\t\t<\/a>\n\t\t\t\t<\/div>\n\t\t\t\t\t\t\t\t<\/div>\n\t\t\t\t<\/div>\n\t\t\t\t\t<\/div>\n\t\t<\/div>\n\t\t\t\t\t<\/div>\n\t\t<\/section>\n\t\t\t\t<footer class=\"elementor-section elementor-top-section elementor-element elementor-element-633c93ac elementor-section-full_width elementor-section-content-middle elementor-section-height-default elementor-section-height-default\" data-id=\"633c93ac\" data-element_type=\"section\">\n\t\t\t\t\t\t<div class=\"elementor-container elementor-column-gap-no\">\n\t\t\t\t\t<div class=\"elementor-column elementor-col-100 elementor-top-column elementor-element elementor-element-3cf96e10\" data-id=\"3cf96e10\" data-element_type=\"column\">\n\t\t\t<div class=\"elementor-widget-wrap elementor-element-populated\">\n\t\t\t\t\t\t<div class=\"elementor-element elementor-element-4bb15eeb elementor-widget elementor-widget-image\" data-id=\"4bb15eeb\" data-element_type=\"widget\" data-widget_type=\"image.default\">\n\t\t\t\t<div class=\"elementor-widget-container\">\n\t\t\t\t\t\t\t\t\t\t\t\t\t\t\t<img decoding=\"async\" width=\"150\" height=\"150\" src=\"https:\/\/speakingofbikes.com\/wp-content\/uploads\/2022\/10\/Andreas_Lindgren_Curamando_DSF94051-150x150.jpg\" class=\"attachment-thumbnail size-thumbnail wp-image-731\" alt=\"Andreas Lindgren\" \/>\t\t\t\t\t\t\t\t\t\t\t\t\t\t\t<\/div>\n\t\t\t\t<\/div>\n\t\t\t\t\t<\/div>\n\t\t<\/div>\n\t\t\t\t\t<\/div>\n\t\t<\/footer>\n\t\t\t\t<section class=\"elementor-section elementor-top-section elementor-element elementor-element-9ba52fe elementor-section-boxed elementor-section-height-default elementor-section-height-default\" data-id=\"9ba52fe\" data-element_type=\"section\">\n\t\t\t\t\t\t<div class=\"elementor-container elementor-column-gap-default\">\n\t\t\t\t\t<div class=\"elementor-column elementor-col-100 elementor-top-column elementor-element elementor-element-18e4f70c\" data-id=\"18e4f70c\" data-element_type=\"column\">\n\t\t\t<div class=\"elementor-widget-wrap elementor-element-populated\">\n\t\t\t\t\t\t<div class=\"elementor-element elementor-element-1a8bbafd elementor-icon-list--layout-inline elementor-tablet-align-center elementor-align-center elementor-list-item-link-full_width elementor-widget elementor-widget-icon-list\" data-id=\"1a8bbafd\" data-element_type=\"widget\" data-widget_type=\"icon-list.default\">\n\t\t\t\t<div class=\"elementor-widget-container\">\n\t\t\t\t\t\t\t<ul class=\"elementor-icon-list-items elementor-inline-items\">\n\t\t\t\t\t\t\t<li class=\"elementor-icon-list-item elementor-inline-item\">\n\t\t\t\t\t\t\t\t\t\t<span class=\"elementor-icon-list-text\">Andreas<\/span>\n\t\t\t\t\t\t\t\t\t<\/li>\n\t\t\t\t\t\t\t\t<li class=\"elementor-icon-list-item elementor-inline-item\">\n\t\t\t\t\t\t\t\t\t\t<span class=\"elementor-icon-list-text\">Su\u00e9cia<\/span>\n\t\t\t\t\t\t\t\t\t<\/li>\n\t\t\t\t\t\t<\/ul>\n\t\t\t\t\t\t<\/div>\n\t\t\t\t<\/div>\n\t\t\t\t\t<\/div>\n\t\t<\/div>\n\t\t\t\t\t<\/div>\n\t\t<\/section>\n\t\t\t\t<\/div>","protected":false},"excerpt":{"rendered":"<p>Sobre n\u00f3s \u00c9 um prazer t\u00ea-lo connosco! Quem sou eu? Andreas, obrigado por perguntares. Tenho 25 anos e sou um entusiasta do ciclismo que quis experimentar o blogue. Este blogue nasceu da pura paix\u00e3o pelo estilo de vida e pelo desporto \"ciclismo de estrada\". \u00c9 por isso que a maior parte do meu conte\u00fado ser\u00e1 sobre ciclismo de estrada. Por isso [...]<\/p>","protected":false},"author":1,"featured_media":0,"parent":0,"menu_order":0,"comment_status":"closed","ping_status":"closed","template":"elementor_theme","meta":{"footnotes":""},"class_list":["post-1051","page","type-page","status-publish","hentry"],"blocksy_meta":{"styles_descriptor":{"styles":{"desktop":"","tablet":"","mobile":""},"google_fonts":[],"version":6}},"featured_image_src":null,"_links":{"self":[{"href":"https:\/\/speakingofbikes.com\/pt\/wp-json\/wp\/v2\/pages\/1051","targetHints":{"allow":["GET"]}}],"collection":[{"href":"https:\/\/speakingofbikes.com\/pt\/wp-json\/wp\/v2\/pages"}],"about":[{"href":"https:\/\/speakingofbikes.com\/pt\/wp-json\/wp\/v2\/types\/page"}],"author":[{"embeddable":true,"href":"https:\/\/speakingofbikes.com\/pt\/wp-json\/wp\/v2\/users\/1"}],"replies":[{"embeddable":true,"href":"https:\/\/speakingofbikes.com\/pt\/wp-json\/wp\/v2\/comments?post=1051"}],"version-history":[{"count":0,"href":"https:\/\/speakingofbikes.com\/pt\/wp-json\/wp\/v2\/pages\/1051\/revisions"}],"wp:attachment":[{"href":"https:\/\/speakingofbikes.com\/pt\/wp-json\/wp\/v2\/media?parent=1051"}],"curies":[{"name":"wp","href":"https:\/\/api.w.org\/{rel}","templated":true}]}}