{"id":3,"date":"2022-10-21T08:06:42","date_gmt":"2022-10-21T08:06:42","guid":{"rendered":"http:\/\/speakingofbikes.com\/?page_id=3"},"modified":"2022-12-16T20:04:09","modified_gmt":"2022-12-16T18:04:09","slug":"privacy-policy","status":"publish","type":"page","link":"https:\/\/speakingofbikes.com\/it\/politica-sulla-privacy\/","title":{"rendered":"politica sulla riservatezza"},"content":{"rendered":"<div data-elementor-type=\"wp-page\" data-elementor-id=\"3\" class=\"elementor elementor-3\">\n\t\t\t\t\t\t<section class=\"elementor-section elementor-top-section elementor-element elementor-element-6ad51c4c elementor-section-boxed elementor-section-height-default elementor-section-height-default\" data-id=\"6ad51c4c\" data-element_type=\"section\">\n\t\t\t\t\t\t<div class=\"elementor-container elementor-column-gap-default\">\n\t\t\t\t\t<div class=\"elementor-column elementor-col-100 elementor-top-column elementor-element elementor-element-374a2783\" data-id=\"374a2783\" data-element_type=\"column\">\n\t\t\t<div class=\"elementor-widget-wrap elementor-element-populated\">\n\t\t\t\t\t\t<div class=\"elementor-element elementor-element-342d614 elementor-widget elementor-widget-heading\" data-id=\"342d614\" data-element_type=\"widget\" data-widget_type=\"heading.default\">\n\t\t\t\t<div class=\"elementor-widget-container\">\n\t\t\t\t\t<h1 class=\"elementor-heading-title elementor-size-default\">Informativa sulla privacy per Speaking of bikes<\/h1>\t\t\t\t<\/div>\n\t\t\t\t<\/div>\n\t\t\t\t<div class=\"elementor-element elementor-element-bce264e elementor-widget elementor-widget-heading\" data-id=\"bce264e\" data-element_type=\"widget\" data-widget_type=\"heading.default\">\n\t\t\t\t<div class=\"elementor-widget-container\">\n\t\t\t\t\t<h2 class=\"elementor-heading-title elementor-size-default\">Chi siamo<\/h2>\t\t\t\t<\/div>\n\t\t\t\t<\/div>\n\t\t\t\t<div class=\"elementor-element elementor-element-ac3ec05 elementor-widget elementor-widget-text-editor\" data-id=\"ac3ec05\" data-element_type=\"widget\" data-widget_type=\"text-editor.default\">\n\t\t\t\t<div class=\"elementor-widget-container\">\n\t\t\t\t\t\t\t\t\t<p>L'indirizzo del nostro sito web \u00e8: https:\/\/speakingofbikes.com.<\/p>\t\t\t\t\t\t\t\t<\/div>\n\t\t\t\t<\/div>\n\t\t\t\t<div class=\"elementor-element elementor-element-908816e elementor-widget elementor-widget-heading\" data-id=\"908816e\" data-element_type=\"widget\" data-widget_type=\"heading.default\">\n\t\t\t\t<div class=\"elementor-widget-container\">\n\t\t\t\t\t<h2 class=\"elementor-heading-title elementor-size-default\">La nostra dichiarazione sulla privacy<\/h2>\t\t\t\t<\/div>\n\t\t\t\t<\/div>\n\t\t\t\t<div class=\"elementor-element elementor-element-77b67a5 elementor-widget elementor-widget-text-editor\" data-id=\"77b67a5\" data-element_type=\"widget\" data-widget_type=\"text-editor.default\">\n\t\t\t\t<div class=\"elementor-widget-container\">\n\t\t\t\t\t\t\t\t\t<p>Su speakingofbikes.com, accessibile da https:\/\/speakingofbikes.com\/, una delle nostre principali priorit\u00e0 \u00e8 la privacy dei nostri visitatori. Questo documento sulla privacy contiene i tipi di informazioni che vengono raccolte e registrate da speakingofbikes.com e il modo in cui vengono utilizzate.<\/p>\n<p><!-- \/wp:paragraph --><\/p>\n<p><!-- wp:paragraph --><\/p>\n<p>Se avete ulteriori domande o desiderate maggiori informazioni sulla nostra Informativa sulla privacy, non esitate a contattarci.<\/p>\n<p><!-- \/wp:paragraph --><\/p>\n<p><!-- wp:paragraph --><\/p>\n<p>Questa politica sulla privacy si applica solo alle nostre attivit\u00e0 online ed \u00e8 valida per i visitatori del nostro sito web per quanto riguarda le informazioni che hanno condiviso e\/o raccolto in speakingofbikes.com. Questa politica non \u00e8 applicabile a qualsiasi informazione raccolta offline o tramite canali diversi da questo sito web. La nostra Informativa sulla privacy \u00e8 stata creata con l'aiuto del\u00a0<a href=\"https:\/\/www.privacypolicygenerator.info\/\" target=\"_blank\" rel=\"noreferrer noopener nofollow\">Generatore gratuito di norme sulla privacy<\/a>.<\/p>\t\t\t\t\t\t\t\t<\/div>\n\t\t\t\t<\/div>\n\t\t\t\t<div class=\"elementor-element elementor-element-11e0ae0 elementor-widget elementor-widget-heading\" data-id=\"11e0ae0\" data-element_type=\"widget\" data-widget_type=\"heading.default\">\n\t\t\t\t<div class=\"elementor-widget-container\">\n\t\t\t\t\t<h2 class=\"elementor-heading-title elementor-size-default\">Consenso<\/h2>\t\t\t\t<\/div>\n\t\t\t\t<\/div>\n\t\t\t\t<div class=\"elementor-element elementor-element-76ff905 elementor-widget elementor-widget-text-editor\" data-id=\"76ff905\" data-element_type=\"widget\" data-widget_type=\"text-editor.default\">\n\t\t\t\t<div class=\"elementor-widget-container\">\n\t\t\t\t\t\t\t\t\t<p>Utilizzando il nostro sito web, l'utente acconsente alla nostra Informativa sulla privacy e ne accetta i termini.<\/p>\t\t\t\t\t\t\t\t<\/div>\n\t\t\t\t<\/div>\n\t\t\t\t<div class=\"elementor-element elementor-element-441fa07 elementor-widget elementor-widget-heading\" data-id=\"441fa07\" data-element_type=\"widget\" data-widget_type=\"heading.default\">\n\t\t\t\t<div class=\"elementor-widget-container\">\n\t\t\t\t\t<h2 class=\"elementor-heading-title elementor-size-default\">Informazioni raccolte<\/h2>\t\t\t\t<\/div>\n\t\t\t\t<\/div>\n\t\t\t\t<div class=\"elementor-element elementor-element-fb6259b elementor-widget elementor-widget-text-editor\" data-id=\"fb6259b\" data-element_type=\"widget\" data-widget_type=\"text-editor.default\">\n\t\t\t\t<div class=\"elementor-widget-container\">\n\t\t\t\t\t\t\t\t\t<p>I dati personali che vi vengono richiesti e i motivi per cui vi vengono richiesti vi saranno chiariti nel momento in cui vi chiediamo di fornire i vostri dati personali.<\/p>\n<p><!-- \/wp:paragraph --><\/p>\n<p><!-- wp:paragraph --><\/p>\n<p>Se ci contattate direttamente, potremmo ricevere ulteriori informazioni su di voi, come il vostro nome, l'indirizzo e-mail, il numero di telefono, il contenuto del messaggio e\/o degli allegati che ci inviate e qualsiasi altra informazione che decidiate di fornirci.<\/p>\n<p><!-- \/wp:paragraph --><\/p>\n<p><!-- wp:paragraph --><\/p>\n<p>Quando l'utente si registra per un Account, potremmo richiedere le sue informazioni di contatto, tra cui nome, ragione sociale, indirizzo, indirizzo e-mail e numero di telefono.<\/p>\t\t\t\t\t\t\t\t<\/div>\n\t\t\t\t<\/div>\n\t\t\t\t<div class=\"elementor-element elementor-element-f9c198c elementor-widget elementor-widget-heading\" data-id=\"f9c198c\" data-element_type=\"widget\" data-widget_type=\"heading.default\">\n\t\t\t\t<div class=\"elementor-widget-container\">\n\t\t\t\t\t<h2 class=\"elementor-heading-title elementor-size-default\">Come utilizziamo le vostre informazioni<\/h2>\t\t\t\t<\/div>\n\t\t\t\t<\/div>\n\t\t\t\t<div class=\"elementor-element elementor-element-a7133ce elementor-widget elementor-widget-text-editor\" data-id=\"a7133ce\" data-element_type=\"widget\" data-widget_type=\"text-editor.default\">\n\t\t\t\t<div class=\"elementor-widget-container\">\n\t\t\t\t\t\t\t\t\t<p>Utilizziamo le informazioni raccolte in vari modi, tra cui per:<\/p>\n<p><!-- \/wp:paragraph --><\/p>\n<p><!-- wp:list --><\/p>\n<ul>\n<li>Fornire, gestire e mantenere il nostro sito web<\/li>\n<li>Migliorare, personalizzare ed espandere il nostro sito web<\/li>\n<li>Capire e analizzare il modo in cui l'utente utilizza il nostro sito web<\/li>\n<li>Sviluppare nuovi prodotti, servizi, caratteristiche e funzionalit\u00e0.<\/li>\n<li>Comunicare con voi, direttamente o tramite uno dei nostri partner, anche per il servizio clienti, per fornirvi aggiornamenti e altre informazioni relative al sito web e per scopi di marketing e promozionali.<\/li>\n<li>Inviarvi e-mail<\/li>\n<li>Individuare e prevenire le frodi<\/li>\n<\/ul>\t\t\t\t\t\t\t\t<\/div>\n\t\t\t\t<\/div>\n\t\t\t\t<div class=\"elementor-element elementor-element-c2e813d elementor-widget elementor-widget-heading\" data-id=\"c2e813d\" data-element_type=\"widget\" data-widget_type=\"heading.default\">\n\t\t\t\t<div class=\"elementor-widget-container\">\n\t\t\t\t\t<h2 class=\"elementor-heading-title elementor-size-default\"><span style=\"font-size: var(--fontSize);font-style: var(--fontStyle, inherit);font-weight: var(--fontWeight);letter-spacing: var(--letterSpacing);text-align: inherit;text-transform: var(--textTransform);background-color: var(--theme-palette-color-8)\">File di registro<\/span><\/h2>\t\t\t\t<\/div>\n\t\t\t\t<\/div>\n\t\t\t\t<div class=\"elementor-element elementor-element-82feafa elementor-widget elementor-widget-text-editor\" data-id=\"82feafa\" data-element_type=\"widget\" data-widget_type=\"text-editor.default\">\n\t\t\t\t<div class=\"elementor-widget-container\">\n\t\t\t\t\t\t\t\t\t<p>speakingofbikes.com segue una procedura standard di utilizzo dei file di log. Questi file registrano i visitatori quando visitano i siti web. Tutte le societ\u00e0 di hosting lo fanno e fanno parte dell'analisi dei servizi di hosting. Le informazioni raccolte dai file di log includono gli indirizzi di protocollo Internet (IP), il tipo di browser, il provider di servizi Internet (ISP), la data e l'ora, le pagine di riferimento\/uscita e, eventualmente, il numero di clic. Questi dati non sono collegati ad alcuna informazione di identificazione personale. Lo scopo di queste informazioni \u00e8 l'analisi delle tendenze, l'amministrazione del sito, il monitoraggio dei movimenti degli utenti sul sito e la raccolta di informazioni demografiche.<\/p>\t\t\t\t\t\t\t\t<\/div>\n\t\t\t\t<\/div>\n\t\t\t\t<div class=\"elementor-element elementor-element-2b06f4c elementor-widget elementor-widget-heading\" data-id=\"2b06f4c\" data-element_type=\"widget\" data-widget_type=\"heading.default\">\n\t\t\t\t<div class=\"elementor-widget-container\">\n\t\t\t\t\t<h2 class=\"elementor-heading-title elementor-size-default\"><span style=\"font-size: var(--fontSize);font-style: var(--fontStyle, inherit);font-weight: var(--fontWeight);letter-spacing: var(--letterSpacing);text-align: inherit;text-transform: var(--textTransform);background-color: var(--theme-palette-color-8)\">Cookie e Web Beacon<\/span><\/h2>\t\t\t\t<\/div>\n\t\t\t\t<\/div>\n\t\t\t\t<div class=\"elementor-element elementor-element-fe3a1b2 elementor-widget elementor-widget-text-editor\" data-id=\"fe3a1b2\" data-element_type=\"widget\" data-widget_type=\"text-editor.default\">\n\t\t\t\t<div class=\"elementor-widget-container\">\n\t\t\t\t\t\t\t\t\t<p>Come qualsiasi altro sito web, speakingofbikes.com utilizza i \"cookie\". Questi cookie vengono utilizzati per memorizzare informazioni tra cui le preferenze dei visitatori e le pagine del sito web che il visitatore ha visitato. Queste informazioni vengono utilizzate per ottimizzare l'esperienza degli utenti, personalizzando il contenuto delle nostre pagine web in base al tipo di browser e\/o ad altre informazioni dei visitatori.<\/p>\t\t\t\t\t\t\t\t<\/div>\n\t\t\t\t<\/div>\n\t\t\t\t<div class=\"elementor-element elementor-element-f5f1b00 elementor-widget elementor-widget-heading\" data-id=\"f5f1b00\" data-element_type=\"widget\" data-widget_type=\"heading.default\">\n\t\t\t\t<div class=\"elementor-widget-container\">\n\t\t\t\t\t<h2 class=\"elementor-heading-title elementor-size-default\"><span style=\"font-size: var(--fontSize);font-style: var(--fontStyle, inherit);font-weight: var(--fontWeight);letter-spacing: var(--letterSpacing);text-align: inherit;text-transform: var(--textTransform);background-color: var(--theme-palette-color-8)\">Cookie DART di Google DoubleClick<\/span><\/h2>\t\t\t\t<\/div>\n\t\t\t\t<\/div>\n\t\t\t\t<div class=\"elementor-element elementor-element-027dc55 elementor-widget elementor-widget-text-editor\" data-id=\"027dc55\" data-element_type=\"widget\" data-widget_type=\"text-editor.default\">\n\t\t\t\t<div class=\"elementor-widget-container\">\n\t\t\t\t\t\t\t\t\t<p>Google \u00e8 uno dei fornitori terzi del nostro sito. Utilizza anche cookie, noti come cookie DART, per pubblicare annunci per i visitatori del nostro sito in base alla loro visita a www.website.com e ad altri siti Internet. Tuttavia, i visitatori possono scegliere di rifiutare l'uso dei cookie DART visitando l'informativa sulla privacy della rete pubblicitaria e dei contenuti di Google al seguente URL.\u00a0<a href=\"https:\/\/policies.google.com\/technologies\/ads\" target=\"_blank\" rel=\"noopener\">https:\/\/policies.google.com\/technologies\/ads<\/a><\/p>\t\t\t\t\t\t\t\t<\/div>\n\t\t\t\t<\/div>\n\t\t\t\t<div class=\"elementor-element elementor-element-77cf74b elementor-widget elementor-widget-heading\" data-id=\"77cf74b\" data-element_type=\"widget\" data-widget_type=\"heading.default\">\n\t\t\t\t<div class=\"elementor-widget-container\">\n\t\t\t\t\t<h2 class=\"elementor-heading-title elementor-size-default\">I nostri partner pubblicitari<\/h2>\t\t\t\t<\/div>\n\t\t\t\t<\/div>\n\t\t\t\t<div class=\"elementor-element elementor-element-d4b54ac elementor-widget elementor-widget-text-editor\" data-id=\"d4b54ac\" data-element_type=\"widget\" data-widget_type=\"text-editor.default\">\n\t\t\t\t<div class=\"elementor-widget-container\">\n\t\t\t\t\t\t\t\t\t<p>Alcuni degli inserzionisti presenti sul nostro sito possono utilizzare cookie e web beacon. I nostri partner pubblicitari sono elencati di seguito. Ciascuno dei nostri partner pubblicitari ha una propria Informativa sulla privacy per quanto riguarda i dati degli utenti. Per facilitarne l'accesso, abbiamo creato un collegamento ipertestuale alle loro politiche sulla privacy.<\/p>\n<p><!-- \/wp:paragraph --><\/p>\n<p><!-- wp:list --><\/p>\n<p>\u00a0<\/p>\n<ul>\n<li>Google a: <a href=\"https:\/\/policies.google.com\/technologies\/ads\" target=\"_blank\" rel=\"noreferrer noopener nofollow\">https:\/\/policies.google.com\/technologies\/ads<\/a><\/li>\n<\/ul>\t\t\t\t\t\t\t\t<\/div>\n\t\t\t\t<\/div>\n\t\t\t\t<div class=\"elementor-element elementor-element-d5c47a5 elementor-widget elementor-widget-heading\" data-id=\"d5c47a5\" data-element_type=\"widget\" data-widget_type=\"heading.default\">\n\t\t\t\t<div class=\"elementor-widget-container\">\n\t\t\t\t\t<h2 class=\"elementor-heading-title elementor-size-default\">Partner pubblicitari Informativa sulla privacy<\/h2>\t\t\t\t<\/div>\n\t\t\t\t<\/div>\n\t\t\t\t<div class=\"elementor-element elementor-element-8d73f19 elementor-widget elementor-widget-text-editor\" data-id=\"8d73f19\" data-element_type=\"widget\" data-widget_type=\"text-editor.default\">\n\t\t\t\t<div class=\"elementor-widget-container\">\n\t\t\t\t\t\t\t\t\t<p>\u00c8 possibile consultare questo elenco per trovare l'informativa sulla privacy di ciascuno dei partner pubblicitari di speakingofbikes.com.<\/p>\n<p>I server pubblicitari di terze parti o le reti pubblicitarie utilizzano tecnologie come cookie, JavaScript o Web Beacon che vengono utilizzati nei rispettivi annunci e link che appaiono su speakingofbikes.com e che vengono inviati direttamente al browser degli utenti. In questo caso, ricevono automaticamente l'indirizzo IP dell'utente. Queste tecnologie vengono utilizzate per misurare l'efficacia delle loro campagne pubblicitarie e\/o per personalizzare i contenuti pubblicitari visualizzati sui siti web visitati.<\/p>\n<p>Si noti che speakingofbikes.com non ha accesso o controllo su questi cookie utilizzati da inserzionisti terzi.<\/p>\t\t\t\t\t\t\t\t<\/div>\n\t\t\t\t<\/div>\n\t\t\t\t<div class=\"elementor-element elementor-element-fbe84a0 elementor-widget elementor-widget-heading\" data-id=\"fbe84a0\" data-element_type=\"widget\" data-widget_type=\"heading.default\">\n\t\t\t\t<div class=\"elementor-widget-container\">\n\t\t\t\t\t<h2 class=\"elementor-heading-title elementor-size-default\">Politiche sulla privacy di terzi<\/h2>\t\t\t\t<\/div>\n\t\t\t\t<\/div>\n\t\t\t\t<div class=\"elementor-element elementor-element-7a78b81 elementor-widget elementor-widget-text-editor\" data-id=\"7a78b81\" data-element_type=\"widget\" data-widget_type=\"text-editor.default\">\n\t\t\t\t<div class=\"elementor-widget-container\">\n\t\t\t\t\t\t\t\t\t<p>La politica sulla privacy di speakingofbikes.com non si applica ad altri inserzionisti o siti web. Pertanto, vi consigliamo di consultare le rispettive politiche sulla privacy di questi server pubblicitari di terze parti per informazioni pi\u00f9 dettagliate. Queste possono includere le loro pratiche e le istruzioni su come rinunciare a determinate opzioni.<\/p>\n<p>\u00c8 possibile scegliere di disabilitare i cookie attraverso le opzioni del proprio browser. Per informazioni pi\u00f9 dettagliate sulla gestione dei cookie con specifici browser web, \u00e8 possibile consultare i rispettivi siti web.<\/p>\t\t\t\t\t\t\t\t<\/div>\n\t\t\t\t<\/div>\n\t\t\t\t<div class=\"elementor-element elementor-element-4292d41 elementor-widget elementor-widget-heading\" data-id=\"4292d41\" data-element_type=\"widget\" data-widget_type=\"heading.default\">\n\t\t\t\t<div class=\"elementor-widget-container\">\n\t\t\t\t\t<h2 class=\"elementor-heading-title elementor-size-default\">Diritti alla privacy CCPA (non vendere le mie informazioni personali)<\/h2>\t\t\t\t<\/div>\n\t\t\t\t<\/div>\n\t\t\t\t<div class=\"elementor-element elementor-element-aaa0fa8 elementor-widget elementor-widget-text-editor\" data-id=\"aaa0fa8\" data-element_type=\"widget\" data-widget_type=\"text-editor.default\">\n\t\t\t\t<div class=\"elementor-widget-container\">\n\t\t\t\t\t\t\t\t\t<p>Ai sensi del CCPA, tra gli altri diritti, i consumatori californiani hanno il diritto di:<\/p>\n<p>Richiedere che un'azienda che raccoglie i dati personali di un consumatore divulghi le categorie e i dati personali specifici che l'azienda ha raccolto sui consumatori.<\/p>\n<p>Richiedere che un'azienda cancelli tutti i dati personali del consumatore che ha raccolto.<\/p>\n<p>Richiedere che un'azienda che vende i dati personali di un consumatore non venda i dati personali del consumatore.<\/p>\n<p>In caso di richiesta, abbiamo un mese di tempo per rispondere. Se desiderate esercitare uno di questi diritti, contattateci.<\/p>\t\t\t\t\t\t\t\t<\/div>\n\t\t\t\t<\/div>\n\t\t\t\t<div class=\"elementor-element elementor-element-30050cf elementor-widget elementor-widget-heading\" data-id=\"30050cf\" data-element_type=\"widget\" data-widget_type=\"heading.default\">\n\t\t\t\t<div class=\"elementor-widget-container\">\n\t\t\t\t\t<h2 class=\"elementor-heading-title elementor-size-default\">Diritti di protezione dei dati GDPR<\/h2>\t\t\t\t<\/div>\n\t\t\t\t<\/div>\n\t\t\t\t<div class=\"elementor-element elementor-element-f66d747 elementor-widget elementor-widget-text-editor\" data-id=\"f66d747\" data-element_type=\"widget\" data-widget_type=\"text-editor.default\">\n\t\t\t\t<div class=\"elementor-widget-container\">\n\t\t\t\t\t\t\t\t\t<p>Desideriamo assicurarci che l'utente sia pienamente consapevole di tutti i suoi diritti in materia di protezione dei dati. Ogni utente ha diritto a quanto segue:<\/p>\n<p>Diritto di accesso - Avete il diritto di richiedere copie dei vostri dati personali. Potremmo addebitarvi un piccolo costo per questo servizio.<\/p>\n<p>Diritto di rettifica - L'utente ha il diritto di richiedere la correzione delle informazioni che ritiene inesatte. L'utente ha inoltre il diritto di richiedere il completamento delle informazioni che ritiene incomplete.<\/p>\n<p>Diritto alla cancellazione - Avete il diritto di richiedere la cancellazione dei vostri dati personali, a determinate condizioni.<\/p>\n<p>Diritto di limitare l'elaborazione - Avete il diritto di richiedere la limitazione dell'elaborazione dei vostri dati personali, a determinate condizioni.<\/p>\n<p>Diritto di opposizione al trattamento - Avete il diritto di opporvi al trattamento dei vostri dati personali da parte nostra, a determinate condizioni.<\/p>\n<p>Diritto alla portabilit\u00e0 dei dati - Avete il diritto di richiedere il trasferimento dei dati da noi raccolti a un'altra organizzazione o direttamente a voi, a determinate condizioni.<\/p>\n<p>In caso di richiesta, abbiamo un mese di tempo per rispondere. Se desiderate esercitare uno di questi diritti, contattateci.<\/p>\t\t\t\t\t\t\t\t<\/div>\n\t\t\t\t<\/div>\n\t\t\t\t<div class=\"elementor-element elementor-element-35140e6 elementor-widget elementor-widget-heading\" data-id=\"35140e6\" data-element_type=\"widget\" data-widget_type=\"heading.default\">\n\t\t\t\t<div class=\"elementor-widget-container\">\n\t\t\t\t\t<h2 class=\"elementor-heading-title elementor-size-default\">Informazioni sui bambini<\/h2>\t\t\t\t<\/div>\n\t\t\t\t<\/div>\n\t\t\t\t<div class=\"elementor-element elementor-element-2b2c1f8 elementor-widget elementor-widget-text-editor\" data-id=\"2b2c1f8\" data-element_type=\"widget\" data-widget_type=\"text-editor.default\">\n\t\t\t\t<div class=\"elementor-widget-container\">\n\t\t\t\t\t\t\t\t\t<p>Un'altra parte della nostra priorit\u00e0 \u00e8 l'aggiunta di una protezione per i bambini durante l'utilizzo di Internet. Incoraggiamo genitori e tutori a osservare, partecipare e\/o monitorare e guidare la loro attivit\u00e0 online.<\/p>\n<p>speakingofbikes.com non raccoglie consapevolmente alcuna informazione di identificazione personale da bambini di et\u00e0 inferiore ai 13 anni. Se pensate che vostro figlio abbia fornito questo tipo di informazioni sul nostro sito web, vi invitiamo a contattarci immediatamente e faremo del nostro meglio per rimuovere prontamente tali informazioni dai nostri archivi.<\/p>\n<p>\u00a0<\/p>\t\t\t\t\t\t\t\t<\/div>\n\t\t\t\t<\/div>\n\t\t\t\t\t<\/div>\n\t\t<\/div>\n\t\t\t\t\t<\/div>\n\t\t<\/section>\n\t\t\t\t<\/div>","protected":false},"excerpt":{"rendered":"<p>Informativa sulla privacy per Speaking of bikes Chi siamo L'indirizzo del nostro sito web \u00e8: https:\/\/speakingofbikes.com. La nostra dichiarazione sulla privacy Su speakingofbikes.com, accessibile da https:\/\/speakingofbikes.com\/, una delle nostre principali priorit\u00e0 \u00e8 la privacy dei nostri visitatori. Questo documento sulla privacy contiene i tipi di informazioni che vengono raccolte e registrate da speakingofbikes.com e il modo in cui vengono utilizzate. Se [...]<\/p>","protected":false},"author":1,"featured_media":0,"parent":0,"menu_order":0,"comment_status":"closed","ping_status":"open","template":"","meta":{"footnotes":""},"class_list":["post-3","page","type-page","status-publish","hentry"],"blocksy_meta":{"styles_descriptor":{"styles":{"desktop":"","tablet":"","mobile":""},"google_fonts":[],"version":6}},"featured_image_src":null,"_links":{"self":[{"href":"https:\/\/speakingofbikes.com\/it\/wp-json\/wp\/v2\/pages\/3","targetHints":{"allow":["GET"]}}],"collection":[{"href":"https:\/\/speakingofbikes.com\/it\/wp-json\/wp\/v2\/pages"}],"about":[{"href":"https:\/\/speakingofbikes.com\/it\/wp-json\/wp\/v2\/types\/page"}],"author":[{"embeddable":true,"href":"https:\/\/speakingofbikes.com\/it\/wp-json\/wp\/v2\/users\/1"}],"replies":[{"embeddable":true,"href":"https:\/\/speakingofbikes.com\/it\/wp-json\/wp\/v2\/comments?post=3"}],"version-history":[{"count":0,"href":"https:\/\/speakingofbikes.com\/it\/wp-json\/wp\/v2\/pages\/3\/revisions"}],"wp:attachment":[{"href":"https:\/\/speakingofbikes.com\/it\/wp-json\/wp\/v2\/media?parent=3"}],"curies":[{"name":"wp","href":"https:\/\/api.w.org\/{rel}","templated":true}]}}