{"id":2026,"date":"2022-11-15T22:34:31","date_gmt":"2022-11-15T20:34:31","guid":{"rendered":"https:\/\/speakingofbikes.com\/?page_id=2026"},"modified":"2022-12-16T20:03:42","modified_gmt":"2022-12-16T18:03:42","slug":"disclaimer","status":"publish","type":"page","link":"https:\/\/speakingofbikes.com\/it\/disclaimer\/","title":{"rendered":"Disclaimer"},"content":{"rendered":"<div data-elementor-type=\"wp-page\" data-elementor-id=\"2026\" class=\"elementor elementor-2026\">\n\t\t\t\t<div class=\"elementor-element elementor-element-a069f09 e-flex e-con-boxed e-con e-parent\" data-id=\"a069f09\" data-element_type=\"container\">\n\t\t\t\t\t<div class=\"e-con-inner\">\n\t\t\t\t<div class=\"elementor-element elementor-element-767654d elementor-widget elementor-widget-heading\" data-id=\"767654d\" data-element_type=\"widget\" data-widget_type=\"heading.default\">\n\t\t\t\t<div class=\"elementor-widget-container\">\n\t\t\t\t\t<h1 class=\"elementor-heading-title elementor-size-default\">Disclaimer per parlare di biciclette<\/h1>\t\t\t\t<\/div>\n\t\t\t\t<\/div>\n\t\t\t\t\t<\/div>\n\t\t\t\t<\/div>\n\t\t<div class=\"elementor-element elementor-element-fcbc2d7 e-flex e-con-boxed e-con e-parent\" data-id=\"fcbc2d7\" data-element_type=\"container\">\n\t\t\t\t\t<div class=\"e-con-inner\">\n\t\t\t\t<div class=\"elementor-element elementor-element-9158468 elementor-widget elementor-widget-heading\" data-id=\"9158468\" data-element_type=\"widget\" data-widget_type=\"heading.default\">\n\t\t\t\t<div class=\"elementor-widget-container\">\n\t\t\t\t\t<h2 class=\"elementor-heading-title elementor-size-default\">Disclaimer<\/h2>\t\t\t\t<\/div>\n\t\t\t\t<\/div>\n\t\t\t\t<div class=\"elementor-element elementor-element-0007344 elementor-widget elementor-widget-text-editor\" data-id=\"0007344\" data-element_type=\"widget\" data-widget_type=\"text-editor.default\">\n\t\t\t\t<div class=\"elementor-widget-container\">\n\t\t\t\t\t\t\t\t\t<p><b>Ultimo aggiornamento 15 novembre<\/b><\/p>\t\t\t\t\t\t\t\t<\/div>\n\t\t\t\t<\/div>\n\t\t\t\t<div class=\"elementor-element elementor-element-0e11157 elementor-widget elementor-widget-heading\" data-id=\"0e11157\" data-element_type=\"widget\" data-widget_type=\"heading.default\">\n\t\t\t\t<div class=\"elementor-widget-container\">\n\t\t\t\t\t<h2 class=\"elementor-heading-title elementor-size-default\">Esclusione di responsabilit\u00e0 per il sito web<\/h2>\t\t\t\t<\/div>\n\t\t\t\t<\/div>\n\t\t\t\t<div class=\"elementor-element elementor-element-090e080 elementor-widget elementor-widget-text-editor\" data-id=\"090e080\" data-element_type=\"widget\" data-widget_type=\"text-editor.default\">\n\t\t\t\t<div class=\"elementor-widget-container\">\n\t\t\t\t\t\t\t\t\t<p>Le informazioni fornite da Speaking of Bikes (\"noi\", \"ci\" o \"nostro\") su https:\/\/speakingofbikes.com (il \"Sito\") sono solo a scopo informativo generale. Tutte le informazioni contenute nel Sito sono fornite in buona fede, tuttavia non forniamo alcuna dichiarazione o garanzia di alcun tipo, espressa o implicita, in merito all'accuratezza, all'adeguatezza, alla validit\u00e0, all'affidabilit\u00e0, alla disponibilit\u00e0 o alla completezza delle informazioni contenute nel Sito. IN NESSUN CASO SAREMO RESPONSABILI NEI CONFRONTI DELL'UTENTE PER EVENTUALI PERDITE O DANNI DI QUALSIASI TIPO SUBITI IN SEGUITO ALL'USO DEL SITO O ALL'AFFIDAMENTO SU QUALSIASI INFORMAZIONE FORNITA SUL SITO. L'USO DEL SITO E L'AFFIDAMENTO ALLE INFORMAZIONI IN ESSO CONTENUTE \u00c8 ESCLUSIVAMENTE A RISCHIO DELL'UTENTE.<\/p>\t\t\t\t\t\t\t\t<\/div>\n\t\t\t\t<\/div>\n\t\t\t\t<div class=\"elementor-element elementor-element-0c9ab98 elementor-widget elementor-widget-heading\" data-id=\"0c9ab98\" data-element_type=\"widget\" data-widget_type=\"heading.default\">\n\t\t\t\t<div class=\"elementor-widget-container\">\n\t\t\t\t\t<h2 class=\"elementor-heading-title elementor-size-default\">Esclusione di responsabilit\u00e0 per i collegamenti esterni<\/h2>\t\t\t\t<\/div>\n\t\t\t\t<\/div>\n\t\t\t\t<div class=\"elementor-element elementor-element-29d53e0 elementor-widget elementor-widget-text-editor\" data-id=\"29d53e0\" data-element_type=\"widget\" data-widget_type=\"text-editor.default\">\n\t\t\t\t<div class=\"elementor-widget-container\">\n\t\t\t\t\t\t\t\t\t<p>Il Sito pu\u00f2 contenere (o pu\u00f2 essere inviato all'utente attraverso il Sito) link ad altri siti web o contenuti appartenenti o provenienti da terzi o link a siti web e funzionalit\u00e0 presenti nei banner o in altre pubblicit\u00e0. Tali link esterni non vengono da noi studiati, monitorati o controllati per quanto riguarda l'accuratezza, l'adeguatezza, la validit\u00e0, l'affidabilit\u00e0, la disponibilit\u00e0 o la completezza. NON GARANTIAMO, APPOGGIAMO, GARANTIAMO O CI ASSUMIAMO LA RESPONSABILIT\u00c0 PER L'ACCURATEZZA O L'AFFIDABILIT\u00c0 DI QUALSIASI INFORMAZIONE OFFERTA DA SITI WEB DI TERZI COLLEGATI ATTRAVERSO IL SITO O QUALSIASI SITO WEB O FUNZIONE COLLEGATA IN QUALSIASI BANNER O ALTRA PUBBLICIT\u00c0. NON SAREMO PARTE O IN ALCUN MODO RESPONSABILE DEL MONITORAGGIO DI QUALSIASI TRANSAZIONE TRA L'UTENTE E FORNITORI TERZI DI PRODOTTI O SERVIZI.<\/p>\t\t\t\t\t\t\t\t<\/div>\n\t\t\t\t<\/div>\n\t\t\t\t<div class=\"elementor-element elementor-element-e0a7a96 elementor-widget elementor-widget-heading\" data-id=\"e0a7a96\" data-element_type=\"widget\" data-widget_type=\"heading.default\">\n\t\t\t\t<div class=\"elementor-widget-container\">\n\t\t\t\t\t<h2 class=\"elementor-heading-title elementor-size-default\">Esclusione di responsabilit\u00e0 professionale<\/h2>\t\t\t\t<\/div>\n\t\t\t\t<\/div>\n\t\t\t\t<div class=\"elementor-element elementor-element-e158948 elementor-widget elementor-widget-text-editor\" data-id=\"e158948\" data-element_type=\"widget\" data-widget_type=\"text-editor.default\">\n\t\t\t\t<div class=\"elementor-widget-container\">\n\t\t\t\t\t\t\t\t\t<p>Il Sito non pu\u00f2 contenere e non contiene consulenza legale. Le informazioni legali sono fornite solo a scopo informativo ed educativo e non sostituiscono la consulenza professionale. Di conseguenza, prima di intraprendere qualsiasi azione basata su tali informazioni, vi invitiamo a consultare i professionisti competenti. Non forniamo alcun tipo di consulenza legale. L'USO O L'AFFIDAMENTO DI QUALSIASI INFORMAZIONE CONTENUTA NEL SITO \u00c8 ESCLUSIVAMENTE A VOSTRO RISCHIO E PERICOLO.<\/p><p>Il Sito non pu\u00f2 contenere e non contiene consigli medici\/sanitari. Le informazioni medico-sanitarie\u00a0<span style=\"text-align: var(--text-align); background-color: var(--palettecolor8); font-size: inherit; font-style: var(--fontStyle, inherit); font-weight: var(--fontWeight); letter-spacing: var(--letterSpacing); text-transform: var(--textTransform);\">\u00e8 fornito solo a scopo informativo ed educativo e non sostituisce una consulenza professionale. Di conseguenza, prima di intraprendere qualsiasi azione basata su tali informazioni, vi invitiamo a consultare i professionisti competenti. Non forniamo alcun tipo di consulenza medico-sanitaria. L'USO O L'AFFIDAMENTO DI QUALSIASI INFORMAZIONE CONTENUTA NEL SITO \u00c8 ESCLUSIVAMENTE A VOSTRO RISCHIO E PERICOLO.<\/span><\/p><p>Il Sito non pu\u00f2 contenere e non contiene consigli sul fitness. Le informazioni sul fitness\u00a0<span style=\"font-size: inherit; font-style: var(--fontStyle, inherit); font-weight: var(--fontWeight); letter-spacing: var(--letterSpacing); text-align: var(--text-align); text-transform: var(--textTransform); background-color: var(--palettecolor8);\">\u00e8 fornito solo a scopo informativo ed educativo e non sostituisce una consulenza professionale. Di conseguenza, prima di intraprendere qualsiasi azione basata su tali informazioni, vi invitiamo a consultare i professionisti competenti. Non forniamo alcun tipo di consulenza sulla forma fisica. L'USO O L'AFFIDAMENTO DI QUALSIASI INFORMAZIONE CONTENUTA NEL SITO \u00c8 ESCLUSIVAMENTE A RISCHIO DELL'UTENTE.<\/span><span style=\"text-align: var(--text-align); background-color: var(--palettecolor8); font-size: inherit; font-style: var(--fontStyle, inherit); font-weight: var(--fontWeight); letter-spacing: var(--letterSpacing); text-transform: var(--textTransform);\"><br \/><\/span><\/p>\t\t\t\t\t\t\t\t<\/div>\n\t\t\t\t<\/div>\n\t\t\t\t<div class=\"elementor-element elementor-element-185d7e9 elementor-widget elementor-widget-heading\" data-id=\"185d7e9\" data-element_type=\"widget\" data-widget_type=\"heading.default\">\n\t\t\t\t<div class=\"elementor-widget-container\">\n\t\t\t\t\t<h2 class=\"elementor-heading-title elementor-size-default\">Esclusione di responsabilit\u00e0 per gli affiliati<\/h2>\t\t\t\t<\/div>\n\t\t\t\t<\/div>\n\t\t\t\t<div class=\"elementor-element elementor-element-564cbf4 elementor-widget elementor-widget-text-editor\" data-id=\"564cbf4\" data-element_type=\"widget\" data-widget_type=\"text-editor.default\">\n\t\t\t\t<div class=\"elementor-widget-container\">\n\t\t\t\t\t\t\t\t\t<p>Il Sito pu\u00f2 contenere link a siti web affiliati e noi riceviamo una commissione di affiliazione per qualsiasi acquisto effettuato dall'utente sul sito web affiliato utilizzando tali link. I nostri affiliati includono i seguenti:<\/p><ul><li>Google Adsense<\/li><\/ul><p>Partecipiamo al Programma Associati di Amazon Services LLC, un programma pubblicitario di affiliazione ideato per fornire un mezzo per guadagnare commissioni pubblicitarie collegandosi ad Amazon.com e a siti web affiliati.<\/p>\t\t\t\t\t\t\t\t<\/div>\n\t\t\t\t<\/div>\n\t\t\t\t<div class=\"elementor-element elementor-element-1667e31 elementor-widget elementor-widget-heading\" data-id=\"1667e31\" data-element_type=\"widget\" data-widget_type=\"heading.default\">\n\t\t\t\t<div class=\"elementor-widget-container\">\n\t\t\t\t\t<h2 class=\"elementor-heading-title elementor-size-default\">Esclusione di responsabilit\u00e0 per le testimonianze<\/h2>\t\t\t\t<\/div>\n\t\t\t\t<\/div>\n\t\t\t\t<div class=\"elementor-element elementor-element-2e56482 elementor-widget elementor-widget-text-editor\" data-id=\"2e56482\" data-element_type=\"widget\" data-widget_type=\"text-editor.default\">\n\t\t\t\t<div class=\"elementor-widget-container\">\n\t\t\t\t\t\t\t\t\t<p>Il Sito pu\u00f2 contenere testimonianze di utenti dei nostri prodotti e\/o servizi. Queste testimonianze riflettono le esperienze e le opinioni reali di tali utenti. Tuttavia, le esperienze sono personali di questi utenti e non sono necessariamente rappresentative di tutti gli utenti dei nostri prodotti e\/o servizi. Non pretendiamo, e non dovete presumere, che tutti gli utenti abbiano le stesse esperienze. I RISULTATI INDIVIDUALI POSSONO VARIARE. Le testimonianze presenti sul Sito sono presentate in varie forme, come testo, audio e\/o video, e vengono esaminate da noi prima di essere pubblicate. Esse appaiono sul Sito testualmente come fornite dagli utenti, salvo la correzione di errori grammaticali o di battitura. Alcune testimonianze possono essere state abbreviate per motivi di brevit\u00e0, nel caso in cui la testimonianza completa contenesse informazioni estranee non rilevanti per il pubblico in generale. Le opinioni e i pareri contenuti nelle testimonianze appartengono esclusivamente ai singoli utenti e non riflettono le nostre opinioni e pareri. Questo sito pu\u00f2 occasionalmente fornire recensioni sponsorizzate, compensate o altre recensioni vantaggiose per speakingofbikes.com.Le testimonianze sul sito non sono intese, n\u00e9 devono essere interpretate, come affermazioni che i nostri prodotti e\/o servizi possano essere utilizzati per diagnosticare, trattare, attenuare, curare, prevenire o comunque essere utilizzati per qualsiasi malattia o condizione medica. Nessuna testimonianza \u00e8 stata provata o valutata clinicamente.<\/p><p>Questo disclaimer \u00e8 stato creato utilizzando <a href=\"https:\/\/termly.io\/products\/disclaimer-generator\/\" target=\"_blank\" rel=\"noopener\">Generatore di Disclaimer di Termly<\/a>.<\/p>\t\t\t\t\t\t\t\t<\/div>\n\t\t\t\t<\/div>\n\t\t\t\t\t<\/div>\n\t\t\t\t<\/div>\n\t\t\t\t<\/div>","protected":false},"excerpt":{"rendered":"<p>Disclaimer per speaking of bikes Disclaimer Ultimo aggiornamento 15 novembre Disclaimer del sito web Le informazioni fornite da Speaking of Bikes (\"noi\", \"ci\" o \"nostro\") sul sito https:\/\/speakingofbikes.com (il \"Sito\") sono solo a scopo informativo generale. Tutte le informazioni contenute nel Sito sono fornite in buona fede, tuttavia non forniamo alcuna dichiarazione o garanzia di alcun tipo, espressa o [...]<\/p>","protected":false},"author":1,"featured_media":0,"parent":0,"menu_order":0,"comment_status":"closed","ping_status":"closed","template":"","meta":{"footnotes":""},"class_list":["post-2026","page","type-page","status-publish","hentry"],"blocksy_meta":{"styles_descriptor":{"styles":{"desktop":"","tablet":"","mobile":""},"google_fonts":[],"version":6}},"featured_image_src":null,"_links":{"self":[{"href":"https:\/\/speakingofbikes.com\/it\/wp-json\/wp\/v2\/pages\/2026","targetHints":{"allow":["GET"]}}],"collection":[{"href":"https:\/\/speakingofbikes.com\/it\/wp-json\/wp\/v2\/pages"}],"about":[{"href":"https:\/\/speakingofbikes.com\/it\/wp-json\/wp\/v2\/types\/page"}],"author":[{"embeddable":true,"href":"https:\/\/speakingofbikes.com\/it\/wp-json\/wp\/v2\/users\/1"}],"replies":[{"embeddable":true,"href":"https:\/\/speakingofbikes.com\/it\/wp-json\/wp\/v2\/comments?post=2026"}],"version-history":[{"count":0,"href":"https:\/\/speakingofbikes.com\/it\/wp-json\/wp\/v2\/pages\/2026\/revisions"}],"wp:attachment":[{"href":"https:\/\/speakingofbikes.com\/it\/wp-json\/wp\/v2\/media?parent=2026"}],"curies":[{"name":"wp","href":"https:\/\/api.w.org\/{rel}","templated":true}]}}