{"id":3,"date":"2022-10-21T08:06:42","date_gmt":"2022-10-21T08:06:42","guid":{"rendered":"http:\/\/speakingofbikes.com\/?page_id=3"},"modified":"2022-12-16T20:04:09","modified_gmt":"2022-12-16T18:04:09","slug":"privacy-policy","status":"publish","type":"page","link":"https:\/\/speakingofbikes.com\/fr\/politique-de-confidentialite\/","title":{"rendered":"Politique de confidentialit\u00e9"},"content":{"rendered":"<div data-elementor-type=\"wp-page\" data-elementor-id=\"3\" class=\"elementor elementor-3\">\n\t\t\t\t\t\t<section class=\"elementor-section elementor-top-section elementor-element elementor-element-6ad51c4c elementor-section-boxed elementor-section-height-default elementor-section-height-default\" data-id=\"6ad51c4c\" data-element_type=\"section\">\n\t\t\t\t\t\t<div class=\"elementor-container elementor-column-gap-default\">\n\t\t\t\t\t<div class=\"elementor-column elementor-col-100 elementor-top-column elementor-element elementor-element-374a2783\" data-id=\"374a2783\" data-element_type=\"column\">\n\t\t\t<div class=\"elementor-widget-wrap elementor-element-populated\">\n\t\t\t\t\t\t<div class=\"elementor-element elementor-element-342d614 elementor-widget elementor-widget-heading\" data-id=\"342d614\" data-element_type=\"widget\" data-widget_type=\"heading.default\">\n\t\t\t\t<div class=\"elementor-widget-container\">\n\t\t\t\t\t<h1 class=\"elementor-heading-title elementor-size-default\">Politique de confidentialit\u00e9 pour Speaking of bikes<\/h1>\t\t\t\t<\/div>\n\t\t\t\t<\/div>\n\t\t\t\t<div class=\"elementor-element elementor-element-bce264e elementor-widget elementor-widget-heading\" data-id=\"bce264e\" data-element_type=\"widget\" data-widget_type=\"heading.default\">\n\t\t\t\t<div class=\"elementor-widget-container\">\n\t\t\t\t\t<h2 class=\"elementor-heading-title elementor-size-default\">Qui sommes-nous ?<\/h2>\t\t\t\t<\/div>\n\t\t\t\t<\/div>\n\t\t\t\t<div class=\"elementor-element elementor-element-ac3ec05 elementor-widget elementor-widget-text-editor\" data-id=\"ac3ec05\" data-element_type=\"widget\" data-widget_type=\"text-editor.default\">\n\t\t\t\t<div class=\"elementor-widget-container\">\n\t\t\t\t\t\t\t\t\t<p>L'adresse de notre site web est la suivante : https:\/\/speakingofbikes.com.<\/p>\t\t\t\t\t\t\t\t<\/div>\n\t\t\t\t<\/div>\n\t\t\t\t<div class=\"elementor-element elementor-element-908816e elementor-widget elementor-widget-heading\" data-id=\"908816e\" data-element_type=\"widget\" data-widget_type=\"heading.default\">\n\t\t\t\t<div class=\"elementor-widget-container\">\n\t\t\t\t\t<h2 class=\"elementor-heading-title elementor-size-default\">Notre d\u00e9claration de confidentialit\u00e9<\/h2>\t\t\t\t<\/div>\n\t\t\t\t<\/div>\n\t\t\t\t<div class=\"elementor-element elementor-element-77b67a5 elementor-widget elementor-widget-text-editor\" data-id=\"77b67a5\" data-element_type=\"widget\" data-widget_type=\"text-editor.default\">\n\t\t\t\t<div class=\"elementor-widget-container\">\n\t\t\t\t\t\t\t\t\t<p>Sur le site speakingofbikes.com, accessible \u00e0 partir de https:\/\/speakingofbikes.com\/, l'une de nos principales priorit\u00e9s est le respect de la vie priv\u00e9e de nos visiteurs. Ce document de politique de confidentialit\u00e9 contient les types d'informations qui sont collect\u00e9es et enregistr\u00e9es par speakingofbikes.com et la mani\u00e8re dont nous les utilisons.<\/p>\n<p><!-- \/wp:paragraph --><\/p>\n<p><!-- wp:paragraph --><\/p>\n<p>Si vous avez des questions suppl\u00e9mentaires ou si vous souhaitez obtenir plus d'informations sur notre politique de confidentialit\u00e9, n'h\u00e9sitez pas \u00e0 nous contacter.<\/p>\n<p><!-- \/wp:paragraph --><\/p>\n<p><!-- wp:paragraph --><\/p>\n<p>La pr\u00e9sente politique de confidentialit\u00e9 s'applique uniquement \u00e0 nos activit\u00e9s en ligne et est valable pour les visiteurs de notre site Web en ce qui concerne les informations qu'ils ont partag\u00e9es et\/ou collect\u00e9es sur speakingofbikes.com. Cette politique n'est pas applicable aux informations collect\u00e9es hors ligne ou via des canaux autres que ce site Web. Notre politique de confidentialit\u00e9 a \u00e9t\u00e9 cr\u00e9\u00e9e avec l'aide de la\u00a0<a href=\"https:\/\/www.privacypolicygenerator.info\/\" target=\"_blank\" rel=\"noreferrer noopener nofollow\">G\u00e9n\u00e9rateur gratuit de politique de confidentialit\u00e9<\/a>.<\/p>\t\t\t\t\t\t\t\t<\/div>\n\t\t\t\t<\/div>\n\t\t\t\t<div class=\"elementor-element elementor-element-11e0ae0 elementor-widget elementor-widget-heading\" data-id=\"11e0ae0\" data-element_type=\"widget\" data-widget_type=\"heading.default\">\n\t\t\t\t<div class=\"elementor-widget-container\">\n\t\t\t\t\t<h2 class=\"elementor-heading-title elementor-size-default\">Consentement<\/h2>\t\t\t\t<\/div>\n\t\t\t\t<\/div>\n\t\t\t\t<div class=\"elementor-element elementor-element-76ff905 elementor-widget elementor-widget-text-editor\" data-id=\"76ff905\" data-element_type=\"widget\" data-widget_type=\"text-editor.default\">\n\t\t\t\t<div class=\"elementor-widget-container\">\n\t\t\t\t\t\t\t\t\t<p>En utilisant notre site web, vous consentez par la pr\u00e9sente \u00e0 notre politique de confidentialit\u00e9 et acceptez ses conditions.<\/p>\t\t\t\t\t\t\t\t<\/div>\n\t\t\t\t<\/div>\n\t\t\t\t<div class=\"elementor-element elementor-element-441fa07 elementor-widget elementor-widget-heading\" data-id=\"441fa07\" data-element_type=\"widget\" data-widget_type=\"heading.default\">\n\t\t\t\t<div class=\"elementor-widget-container\">\n\t\t\t\t\t<h2 class=\"elementor-heading-title elementor-size-default\">Informations que nous recueillons<\/h2>\t\t\t\t<\/div>\n\t\t\t\t<\/div>\n\t\t\t\t<div class=\"elementor-element elementor-element-fb6259b elementor-widget elementor-widget-text-editor\" data-id=\"fb6259b\" data-element_type=\"widget\" data-widget_type=\"text-editor.default\">\n\t\t\t\t<div class=\"elementor-widget-container\">\n\t\t\t\t\t\t\t\t\t<p>Les informations personnelles que l'on vous demande de fournir, et les raisons pour lesquelles on vous demande de les fournir, vous seront expliqu\u00e9es clairement au moment o\u00f9 nous vous demanderons de fournir vos informations personnelles.<\/p>\n<p><!-- \/wp:paragraph --><\/p>\n<p><!-- wp:paragraph --><\/p>\n<p>Si vous nous contactez directement, nous pouvons recevoir des informations suppl\u00e9mentaires vous concernant, telles que votre nom, votre adresse \u00e9lectronique, votre num\u00e9ro de t\u00e9l\u00e9phone, le contenu du message et\/ou des pi\u00e8ces jointes que vous pouvez nous envoyer, et toute autre information que vous pouvez choisir de fournir.<\/p>\n<p><!-- \/wp:paragraph --><\/p>\n<p><!-- wp:paragraph --><\/p>\n<p>Lorsque vous vous inscrivez \u00e0 un compte, nous pouvons vous demander vos coordonn\u00e9es, notamment votre nom, le nom de votre soci\u00e9t\u00e9, votre adresse, votre adresse \u00e9lectronique et votre num\u00e9ro de t\u00e9l\u00e9phone.<\/p>\t\t\t\t\t\t\t\t<\/div>\n\t\t\t\t<\/div>\n\t\t\t\t<div class=\"elementor-element elementor-element-f9c198c elementor-widget elementor-widget-heading\" data-id=\"f9c198c\" data-element_type=\"widget\" data-widget_type=\"heading.default\">\n\t\t\t\t<div class=\"elementor-widget-container\">\n\t\t\t\t\t<h2 class=\"elementor-heading-title elementor-size-default\">Comment nous utilisons vos informations<\/h2>\t\t\t\t<\/div>\n\t\t\t\t<\/div>\n\t\t\t\t<div class=\"elementor-element elementor-element-a7133ce elementor-widget elementor-widget-text-editor\" data-id=\"a7133ce\" data-element_type=\"widget\" data-widget_type=\"text-editor.default\">\n\t\t\t\t<div class=\"elementor-widget-container\">\n\t\t\t\t\t\t\t\t\t<p>Nous utilisons les informations que nous recueillons de diverses mani\u00e8res, notamment pour :<\/p>\n<p><!-- \/wp:paragraph --><\/p>\n<p><!-- wp:list --><\/p>\n<ul>\n<li>Fournir, exploiter et maintenir notre site web<\/li>\n<li>am\u00e9liorer, personnaliser et d\u00e9velopper notre site web<\/li>\n<li>Comprendre et analyser la fa\u00e7on dont vous utilisez notre site web<\/li>\n<li>d\u00e9velopper de nouveaux produits, services, caract\u00e9ristiques et fonctionnalit\u00e9s<\/li>\n<li>Communiquer avec vous, soit directement, soit par l'interm\u00e9diaire de l'un de nos partenaires, notamment dans le cadre du service client\u00e8le, pour vous fournir des mises \u00e0 jour et d'autres informations relatives au site web, ainsi qu'\u00e0 des fins de marketing et de promotion.<\/li>\n<li>Vous envoyer des courriels<\/li>\n<li>Trouver et pr\u00e9venir la fraude<\/li>\n<\/ul>\t\t\t\t\t\t\t\t<\/div>\n\t\t\t\t<\/div>\n\t\t\t\t<div class=\"elementor-element elementor-element-c2e813d elementor-widget elementor-widget-heading\" data-id=\"c2e813d\" data-element_type=\"widget\" data-widget_type=\"heading.default\">\n\t\t\t\t<div class=\"elementor-widget-container\">\n\t\t\t\t\t<h2 class=\"elementor-heading-title elementor-size-default\"><span style=\"font-size: var(--fontSize);font-style: var(--fontStyle, inherit);font-weight: var(--fontWeight);letter-spacing: var(--letterSpacing);text-align: inherit;text-transform: var(--textTransform);background-color: var(--theme-palette-color-8)\">Fichiers journaux<\/span><\/h2>\t\t\t\t<\/div>\n\t\t\t\t<\/div>\n\t\t\t\t<div class=\"elementor-element elementor-element-82feafa elementor-widget elementor-widget-text-editor\" data-id=\"82feafa\" data-element_type=\"widget\" data-widget_type=\"text-editor.default\">\n\t\t\t\t<div class=\"elementor-widget-container\">\n\t\t\t\t\t\t\t\t\t<p>speakingofbikes.com suit une proc\u00e9dure standard d'utilisation de fichiers journaux. Ces fichiers enregistrent les visiteurs lorsqu'ils se rendent sur les sites Web. Toutes les soci\u00e9t\u00e9s d'h\u00e9bergement le font et cela fait partie de l'analyse des services d'h\u00e9bergement. Les informations recueillies par les fichiers journaux comprennent les adresses de protocole Internet (IP), le type de navigateur, le fournisseur d'acc\u00e8s Internet (FAI), la date et l'heure, les pages de r\u00e9f\u00e9rence et de sortie, et \u00e9ventuellement le nombre de clics. Ces donn\u00e9es ne sont pas li\u00e9es \u00e0 des informations permettant d'identifier une personne. L'objectif de ces informations est d'analyser les tendances, d'administrer le site, de suivre les mouvements des utilisateurs sur le site et de recueillir des informations d\u00e9mographiques.<\/p>\t\t\t\t\t\t\t\t<\/div>\n\t\t\t\t<\/div>\n\t\t\t\t<div class=\"elementor-element elementor-element-2b06f4c elementor-widget elementor-widget-heading\" data-id=\"2b06f4c\" data-element_type=\"widget\" data-widget_type=\"heading.default\">\n\t\t\t\t<div class=\"elementor-widget-container\">\n\t\t\t\t\t<h2 class=\"elementor-heading-title elementor-size-default\"><span style=\"font-size: var(--fontSize);font-style: var(--fontStyle, inherit);font-weight: var(--fontWeight);letter-spacing: var(--letterSpacing);text-align: inherit;text-transform: var(--textTransform);background-color: var(--theme-palette-color-8)\">Cookies et balises Web<\/span><\/h2>\t\t\t\t<\/div>\n\t\t\t\t<\/div>\n\t\t\t\t<div class=\"elementor-element elementor-element-fe3a1b2 elementor-widget elementor-widget-text-editor\" data-id=\"fe3a1b2\" data-element_type=\"widget\" data-widget_type=\"text-editor.default\">\n\t\t\t\t<div class=\"elementor-widget-container\">\n\t\t\t\t\t\t\t\t\t<p>Comme tout autre site Web, speakingofbikes.com utilise des \"cookies\". Ces cookies sont utilis\u00e9s pour stocker des informations, notamment les pr\u00e9f\u00e9rences des visiteurs et les pages du site Web auxquelles le visiteur a acc\u00e9d\u00e9 ou qu'il a visit\u00e9es. Ces informations sont utilis\u00e9es pour optimiser l'exp\u00e9rience des utilisateurs en personnalisant le contenu de nos pages Web en fonction du type de navigateur des visiteurs et\/ou d'autres informations.<\/p>\t\t\t\t\t\t\t\t<\/div>\n\t\t\t\t<\/div>\n\t\t\t\t<div class=\"elementor-element elementor-element-f5f1b00 elementor-widget elementor-widget-heading\" data-id=\"f5f1b00\" data-element_type=\"widget\" data-widget_type=\"heading.default\">\n\t\t\t\t<div class=\"elementor-widget-container\">\n\t\t\t\t\t<h2 class=\"elementor-heading-title elementor-size-default\"><span style=\"font-size: var(--fontSize);font-style: var(--fontStyle, inherit);font-weight: var(--fontWeight);letter-spacing: var(--letterSpacing);text-align: inherit;text-transform: var(--textTransform);background-color: var(--theme-palette-color-8)\">Cookie DART DoubleClick de Google<\/span><\/h2>\t\t\t\t<\/div>\n\t\t\t\t<\/div>\n\t\t\t\t<div class=\"elementor-element elementor-element-027dc55 elementor-widget elementor-widget-text-editor\" data-id=\"027dc55\" data-element_type=\"widget\" data-widget_type=\"text-editor.default\">\n\t\t\t\t<div class=\"elementor-widget-container\">\n\t\t\t\t\t\t\t\t\t<p>Google est l'un des fournisseurs tiers de notre site. Il utilise \u00e9galement des cookies, connus sous le nom de cookies DART, pour diffuser des annonces aux visiteurs de notre site en fonction de leur visite sur www.website.com et d'autres sites sur Internet. Toutefois, les visiteurs peuvent choisir de refuser l'utilisation des cookies DART en consultant les r\u00e8gles de confidentialit\u00e9 du r\u00e9seau de contenu et d'annonces de Google \u00e0 l'adresse suivante : www. google.com.\u00a0<a href=\"https:\/\/policies.google.com\/technologies\/ads\" target=\"_blank\" rel=\"noopener\">https:\/\/policies.google.com\/technologies\/ads<\/a><\/p>\t\t\t\t\t\t\t\t<\/div>\n\t\t\t\t<\/div>\n\t\t\t\t<div class=\"elementor-element elementor-element-77cf74b elementor-widget elementor-widget-heading\" data-id=\"77cf74b\" data-element_type=\"widget\" data-widget_type=\"heading.default\">\n\t\t\t\t<div class=\"elementor-widget-container\">\n\t\t\t\t\t<h2 class=\"elementor-heading-title elementor-size-default\">Nos partenaires publicitaires<\/h2>\t\t\t\t<\/div>\n\t\t\t\t<\/div>\n\t\t\t\t<div class=\"elementor-element elementor-element-d4b54ac elementor-widget elementor-widget-text-editor\" data-id=\"d4b54ac\" data-element_type=\"widget\" data-widget_type=\"text-editor.default\">\n\t\t\t\t<div class=\"elementor-widget-container\">\n\t\t\t\t\t\t\t\t\t<p>Certains des annonceurs pr\u00e9sents sur notre site peuvent utiliser des cookies et des balises web. Nos partenaires publicitaires sont \u00e9num\u00e9r\u00e9s ci-dessous. Chacun de nos partenaires publicitaires dispose de sa propre politique de confidentialit\u00e9 pour ses politiques relatives aux donn\u00e9es des utilisateurs. Pour un acc\u00e8s plus facile, nous avons \u00e9tabli un hyperlien vers leurs politiques de confidentialit\u00e9 ci-dessous.<\/p>\n<p><!-- \/wp:paragraph --><\/p>\n<p><!-- wp:list --><\/p>\n<p>\u00a0<\/p>\n<ul>\n<li>Google \u00e0 : <a href=\"https:\/\/policies.google.com\/technologies\/ads\" target=\"_blank\" rel=\"noreferrer noopener nofollow\">https:\/\/policies.google.com\/technologies\/ads<\/a><\/li>\n<\/ul>\t\t\t\t\t\t\t\t<\/div>\n\t\t\t\t<\/div>\n\t\t\t\t<div class=\"elementor-element elementor-element-d5c47a5 elementor-widget elementor-widget-heading\" data-id=\"d5c47a5\" data-element_type=\"widget\" data-widget_type=\"heading.default\">\n\t\t\t\t<div class=\"elementor-widget-container\">\n\t\t\t\t\t<h2 class=\"elementor-heading-title elementor-size-default\">Partenaires publicitaires Politiques de confidentialit\u00e9<\/h2>\t\t\t\t<\/div>\n\t\t\t\t<\/div>\n\t\t\t\t<div class=\"elementor-element elementor-element-8d73f19 elementor-widget elementor-widget-text-editor\" data-id=\"8d73f19\" data-element_type=\"widget\" data-widget_type=\"text-editor.default\">\n\t\t\t\t<div class=\"elementor-widget-container\">\n\t\t\t\t\t\t\t\t\t<p>Vous pouvez consulter cette liste pour trouver la politique de confidentialit\u00e9 de chacun des partenaires publicitaires de speakingofbikes.com.<\/p>\n<p>Les serveurs publicitaires ou r\u00e9seaux publicitaires tiers utilisent des technologies telles que les cookies, le JavaScript ou les balises Web qui sont utilis\u00e9es dans leurs publicit\u00e9s et liens respectifs qui apparaissent sur speakingofbikes.com et qui sont envoy\u00e9s directement au navigateur des utilisateurs. Ils re\u00e7oivent automatiquement votre adresse IP lorsque cela se produit. Ces technologies sont utilis\u00e9es pour mesurer l'efficacit\u00e9 de leurs campagnes publicitaires et\/ou pour personnaliser le contenu publicitaire que vous voyez sur les sites Web que vous visitez.<\/p>\n<p>Notez que speakingofbikes.com n'a aucun acc\u00e8s ou contr\u00f4le sur ces cookies qui sont utilis\u00e9s par des annonceurs tiers.<\/p>\t\t\t\t\t\t\t\t<\/div>\n\t\t\t\t<\/div>\n\t\t\t\t<div class=\"elementor-element elementor-element-fbe84a0 elementor-widget elementor-widget-heading\" data-id=\"fbe84a0\" data-element_type=\"widget\" data-widget_type=\"heading.default\">\n\t\t\t\t<div class=\"elementor-widget-container\">\n\t\t\t\t\t<h2 class=\"elementor-heading-title elementor-size-default\">Politiques de confidentialit\u00e9 des tiers<\/h2>\t\t\t\t<\/div>\n\t\t\t\t<\/div>\n\t\t\t\t<div class=\"elementor-element elementor-element-7a78b81 elementor-widget elementor-widget-text-editor\" data-id=\"7a78b81\" data-element_type=\"widget\" data-widget_type=\"text-editor.default\">\n\t\t\t\t<div class=\"elementor-widget-container\">\n\t\t\t\t\t\t\t\t\t<p>La politique de confidentialit\u00e9 de speakingofbikes.com ne s'applique pas aux autres annonceurs ou sites Web. Nous vous conseillons donc de consulter les politiques de confidentialit\u00e9 respectives de ces serveurs publicitaires tiers pour obtenir des informations plus d\u00e9taill\u00e9es. Il peut s'agir de leurs pratiques et d'instructions sur la mani\u00e8re de refuser certaines options.<\/p>\n<p>Vous pouvez choisir de d\u00e9sactiver les cookies par le biais des options de votre navigateur individuel. Pour conna\u00eetre des informations plus d\u00e9taill\u00e9es sur la gestion des cookies avec des navigateurs web sp\u00e9cifiques, vous pouvez consulter les sites web respectifs de ces navigateurs.<\/p>\t\t\t\t\t\t\t\t<\/div>\n\t\t\t\t<\/div>\n\t\t\t\t<div class=\"elementor-element elementor-element-4292d41 elementor-widget elementor-widget-heading\" data-id=\"4292d41\" data-element_type=\"widget\" data-widget_type=\"heading.default\">\n\t\t\t\t<div class=\"elementor-widget-container\">\n\t\t\t\t\t<h2 class=\"elementor-heading-title elementor-size-default\">Droits \u00e0 la vie priv\u00e9e de l'ACCP (Ne vendez pas mes renseignements personnels)<\/h2>\t\t\t\t<\/div>\n\t\t\t\t<\/div>\n\t\t\t\t<div class=\"elementor-element elementor-element-aaa0fa8 elementor-widget elementor-widget-text-editor\" data-id=\"aaa0fa8\" data-element_type=\"widget\" data-widget_type=\"text-editor.default\">\n\t\t\t\t<div class=\"elementor-widget-container\">\n\t\t\t\t\t\t\t\t\t<p>En vertu de la CCPA, entre autres droits, les consommateurs californiens ont le droit de :<\/p>\n<p>Demander \u00e0 une entreprise qui collecte les donn\u00e9es personnelles d'un consommateur de divulguer les cat\u00e9gories et les \u00e9l\u00e9ments sp\u00e9cifiques des donn\u00e9es personnelles qu'elle a collect\u00e9es sur les consommateurs.<\/p>\n<p>Demander \u00e0 une entreprise de supprimer toutes les donn\u00e9es personnelles qu'elle a recueillies sur le consommateur.<\/p>\n<p>Demandez qu'une entreprise qui vend les donn\u00e9es personnelles d'un consommateur ne vende pas les donn\u00e9es personnelles de ce dernier.<\/p>\n<p>Si vous faites une demande, nous avons un mois pour vous r\u00e9pondre. Si vous souhaitez exercer l'un de ces droits, veuillez nous contacter.<\/p>\t\t\t\t\t\t\t\t<\/div>\n\t\t\t\t<\/div>\n\t\t\t\t<div class=\"elementor-element elementor-element-30050cf elementor-widget elementor-widget-heading\" data-id=\"30050cf\" data-element_type=\"widget\" data-widget_type=\"heading.default\">\n\t\t\t\t<div class=\"elementor-widget-container\">\n\t\t\t\t\t<h2 class=\"elementor-heading-title elementor-size-default\">Droits de protection des donn\u00e9es GDPR<\/h2>\t\t\t\t<\/div>\n\t\t\t\t<\/div>\n\t\t\t\t<div class=\"elementor-element elementor-element-f66d747 elementor-widget elementor-widget-text-editor\" data-id=\"f66d747\" data-element_type=\"widget\" data-widget_type=\"text-editor.default\">\n\t\t\t\t<div class=\"elementor-widget-container\">\n\t\t\t\t\t\t\t\t\t<p>Nous souhaitons nous assurer que vous \u00eates pleinement conscient de tous vos droits en mati\u00e8re de protection des donn\u00e9es. Chaque utilisateur a les droits suivants :<\/p>\n<p>Le droit d'acc\u00e8s - Vous avez le droit de demander des copies de vos donn\u00e9es personnelles. Il se peut que nous vous facturions une petite somme pour ce service.<\/p>\n<p>Le droit de rectification - Vous avez le droit de nous demander de corriger toute information que vous jugez inexacte. Vous avez \u00e9galement le droit de nous demander de compl\u00e9ter les informations qui, selon vous, sont incompl\u00e8tes.<\/p>\n<p>Le droit \u00e0 l'effacement - Vous avez le droit de nous demander d'effacer vos donn\u00e9es personnelles, sous certaines conditions.<\/p>\n<p>Le droit de restreindre le traitement - Vous avez le droit de nous demander de restreindre le traitement de vos donn\u00e9es personnelles, sous certaines conditions.<\/p>\n<p>Le droit de s'opposer au traitement - Vous avez le droit de vous opposer \u00e0 notre traitement de vos donn\u00e9es personnelles, sous certaines conditions.<\/p>\n<p>Le droit \u00e0 la portabilit\u00e9 des donn\u00e9es - Vous avez le droit de nous demander de transf\u00e9rer les donn\u00e9es que nous avons collect\u00e9es \u00e0 une autre organisation, ou directement \u00e0 vous, sous certaines conditions.<\/p>\n<p>Si vous faites une demande, nous avons un mois pour vous r\u00e9pondre. Si vous souhaitez exercer l'un de ces droits, veuillez nous contacter.<\/p>\t\t\t\t\t\t\t\t<\/div>\n\t\t\t\t<\/div>\n\t\t\t\t<div class=\"elementor-element elementor-element-35140e6 elementor-widget elementor-widget-heading\" data-id=\"35140e6\" data-element_type=\"widget\" data-widget_type=\"heading.default\">\n\t\t\t\t<div class=\"elementor-widget-container\">\n\t\t\t\t\t<h2 class=\"elementor-heading-title elementor-size-default\">Informations pour les enfants<\/h2>\t\t\t\t<\/div>\n\t\t\t\t<\/div>\n\t\t\t\t<div class=\"elementor-element elementor-element-2b2c1f8 elementor-widget elementor-widget-text-editor\" data-id=\"2b2c1f8\" data-element_type=\"widget\" data-widget_type=\"text-editor.default\">\n\t\t\t\t<div class=\"elementor-widget-container\">\n\t\t\t\t\t\t\t\t\t<p>Une autre partie de notre priorit\u00e9 est d'ajouter la protection des enfants lorsqu'ils utilisent l'internet. Nous encourageons les parents et les tuteurs \u00e0 observer, participer et\/ou surveiller et guider leur activit\u00e9 en ligne.<\/p>\n<p>speakingofbikes.com ne collecte pas sciemment d'informations personnelles identifiables aupr\u00e8s d'enfants \u00e2g\u00e9s de moins de 13 ans. Si vous pensez que votre enfant a fourni ce type d'informations sur notre site Web, nous vous encourageons vivement \u00e0 nous contacter imm\u00e9diatement et nous ferons tout notre possible pour supprimer rapidement ces informations de nos dossiers.<\/p>\n<p>\u00a0<\/p>\t\t\t\t\t\t\t\t<\/div>\n\t\t\t\t<\/div>\n\t\t\t\t\t<\/div>\n\t\t<\/div>\n\t\t\t\t\t<\/div>\n\t\t<\/section>\n\t\t\t\t<\/div>","protected":false},"excerpt":{"rendered":"<p>Politique de confidentialit\u00e9 pour Speaking of bikes Qui sommes-nous ? L'adresse de notre site web est : https:\/\/speakingofbikes.com. Notre d\u00e9claration de confidentialit\u00e9 \u00c0 speakingofbikes.com, accessible \u00e0 partir de https:\/\/speakingofbikes.com\/, l'une de nos principales priorit\u00e9s est la protection de la vie priv\u00e9e de nos visiteurs. Ce document de politique de confidentialit\u00e9 contient les types d'informations qui sont collect\u00e9es et enregistr\u00e9es par speakingofbikes.com et la mani\u00e8re dont nous les utilisons. Si vous [...]<\/p>","protected":false},"author":1,"featured_media":0,"parent":0,"menu_order":0,"comment_status":"closed","ping_status":"open","template":"","meta":{"footnotes":""},"class_list":["post-3","page","type-page","status-publish","hentry"],"blocksy_meta":{"styles_descriptor":{"styles":{"desktop":"","tablet":"","mobile":""},"google_fonts":[],"version":6}},"featured_image_src":null,"_links":{"self":[{"href":"https:\/\/speakingofbikes.com\/fr\/wp-json\/wp\/v2\/pages\/3","targetHints":{"allow":["GET"]}}],"collection":[{"href":"https:\/\/speakingofbikes.com\/fr\/wp-json\/wp\/v2\/pages"}],"about":[{"href":"https:\/\/speakingofbikes.com\/fr\/wp-json\/wp\/v2\/types\/page"}],"author":[{"embeddable":true,"href":"https:\/\/speakingofbikes.com\/fr\/wp-json\/wp\/v2\/users\/1"}],"replies":[{"embeddable":true,"href":"https:\/\/speakingofbikes.com\/fr\/wp-json\/wp\/v2\/comments?post=3"}],"version-history":[{"count":0,"href":"https:\/\/speakingofbikes.com\/fr\/wp-json\/wp\/v2\/pages\/3\/revisions"}],"wp:attachment":[{"href":"https:\/\/speakingofbikes.com\/fr\/wp-json\/wp\/v2\/media?parent=3"}],"curies":[{"name":"wp","href":"https:\/\/api.w.org\/{rel}","templated":true}]}}