{"id":2026,"date":"2022-11-15T22:34:31","date_gmt":"2022-11-15T20:34:31","guid":{"rendered":"https:\/\/speakingofbikes.com\/?page_id=2026"},"modified":"2022-12-16T20:03:42","modified_gmt":"2022-12-16T18:03:42","slug":"disclaimer","status":"publish","type":"page","link":"https:\/\/speakingofbikes.com\/es\/descargo-de-responsabilidad\/","title":{"rendered":"Descargo de responsabilidad"},"content":{"rendered":"<div data-elementor-type=\"wp-page\" data-elementor-id=\"2026\" class=\"elementor elementor-2026\">\n\t\t\t\t<div class=\"elementor-element elementor-element-a069f09 e-flex e-con-boxed e-con e-parent\" data-id=\"a069f09\" data-element_type=\"container\">\n\t\t\t\t\t<div class=\"e-con-inner\">\n\t\t\t\t<div class=\"elementor-element elementor-element-767654d elementor-widget elementor-widget-heading\" data-id=\"767654d\" data-element_type=\"widget\" data-widget_type=\"heading.default\">\n\t\t\t\t<div class=\"elementor-widget-container\">\n\t\t\t\t\t<h1 class=\"elementor-heading-title elementor-size-default\">Descargo de responsabilidad por hablar de bicicletas<\/h1>\t\t\t\t<\/div>\n\t\t\t\t<\/div>\n\t\t\t\t\t<\/div>\n\t\t\t\t<\/div>\n\t\t<div class=\"elementor-element elementor-element-fcbc2d7 e-flex e-con-boxed e-con e-parent\" data-id=\"fcbc2d7\" data-element_type=\"container\">\n\t\t\t\t\t<div class=\"e-con-inner\">\n\t\t\t\t<div class=\"elementor-element elementor-element-9158468 elementor-widget elementor-widget-heading\" data-id=\"9158468\" data-element_type=\"widget\" data-widget_type=\"heading.default\">\n\t\t\t\t<div class=\"elementor-widget-container\">\n\t\t\t\t\t<h2 class=\"elementor-heading-title elementor-size-default\">Descargo de responsabilidad<\/h2>\t\t\t\t<\/div>\n\t\t\t\t<\/div>\n\t\t\t\t<div class=\"elementor-element elementor-element-0007344 elementor-widget elementor-widget-text-editor\" data-id=\"0007344\" data-element_type=\"widget\" data-widget_type=\"text-editor.default\">\n\t\t\t\t<div class=\"elementor-widget-container\">\n\t\t\t\t\t\t\t\t\t<p><b>\u00daltima actualizaci\u00f3n 15 de noviembre<\/b><\/p>\t\t\t\t\t\t\t\t<\/div>\n\t\t\t\t<\/div>\n\t\t\t\t<div class=\"elementor-element elementor-element-0e11157 elementor-widget elementor-widget-heading\" data-id=\"0e11157\" data-element_type=\"widget\" data-widget_type=\"heading.default\">\n\t\t\t\t<div class=\"elementor-widget-container\">\n\t\t\t\t\t<h2 class=\"elementor-heading-title elementor-size-default\">Descargo de responsabilidad del sitio web<\/h2>\t\t\t\t<\/div>\n\t\t\t\t<\/div>\n\t\t\t\t<div class=\"elementor-element elementor-element-090e080 elementor-widget elementor-widget-text-editor\" data-id=\"090e080\" data-element_type=\"widget\" data-widget_type=\"text-editor.default\">\n\t\t\t\t<div class=\"elementor-widget-container\">\n\t\t\t\t\t\t\t\t\t<p>La informaci\u00f3n proporcionada por Speaking of Bikes (&quot;nosotros&quot;, &quot;nos&quot; o &quot;nuestro&quot;) en https:\/\/peakingofbikes.com (el &quot;Sitio&quot;) es solo para fines informativos generales. Toda la informaci\u00f3n en el Sitio se proporciona de buena fe, sin embargo, no hacemos ninguna representaci\u00f3n ni garant\u00eda de ning\u00fan tipo, expresa o impl\u00edcita, con respecto a la precisi\u00f3n, adecuaci\u00f3n, validez, confiabilidad, disponibilidad o integridad de cualquier informaci\u00f3n en el Sitio. BAJO NINGUNA CIRCUNSTANCIA TENDREMOS RESPONSABILIDAD ALGUNA HACIA USTED POR CUALQUIER P\u00c9RDIDA O DA\u00d1O DE CUALQUIER TIPO INCURRIDO COMO RESULTADO DEL USO DEL SITIO O CONFIANZA EN CUALQUIER INFORMACI\u00d3N PROPORCIONADA EN EL SITIO. SU USO DEL SITIO Y SU CONFIANZA EN CUALQUIER INFORMACI\u00d3N EN EL SITIO ES \u00daNICAMENTE BAJO SU PROPIO RIESGO<\/p>\t\t\t\t\t\t\t\t<\/div>\n\t\t\t\t<\/div>\n\t\t\t\t<div class=\"elementor-element elementor-element-0c9ab98 elementor-widget elementor-widget-heading\" data-id=\"0c9ab98\" data-element_type=\"widget\" data-widget_type=\"heading.default\">\n\t\t\t\t<div class=\"elementor-widget-container\">\n\t\t\t\t\t<h2 class=\"elementor-heading-title elementor-size-default\">Descargo de responsabilidad de enlace externo<\/h2>\t\t\t\t<\/div>\n\t\t\t\t<\/div>\n\t\t\t\t<div class=\"elementor-element elementor-element-29d53e0 elementor-widget elementor-widget-text-editor\" data-id=\"29d53e0\" data-element_type=\"widget\" data-widget_type=\"text-editor.default\">\n\t\t\t\t<div class=\"elementor-widget-container\">\n\t\t\t\t\t\t\t\t\t<p>El Sitio puede contener (o se le puede enviar a trav\u00e9s del Sitio) enlaces a otros sitios web o contenido que pertenece a terceros o se origina en ellos, o enlaces a sitios web y caracter\u00edsticas en pancartas u otra publicidad. Dichos enlaces externos no son investigados, monitoreados o verificados por nuestra precisi\u00f3n, adecuaci\u00f3n, validez, confiabilidad, disponibilidad o integridad. NO GARANTIZAMOS, RESPALDAMOS NI ASUMIMOS RESPONSABILIDAD POR LA EXACTITUD O CONFIABILIDAD DE CUALQUIER INFORMACI\u00d3N OFRECIDA POR SITIOS WEB DE TERCEROS VINCULADOS A TRAV\u00c9S DEL SITIO O CUALQUIER SITIO WEB O CARACTER\u00cdSTICA VINCULADA EN CUALQUIER BANNER U OTRA PUBLICIDAD. NO SEREMOS PARTE NI RESPONSABLES DE NINGUNA MANERA DE MONITOREAR NINGUNA TRANSACCI\u00d3N ENTRE USTED Y TERCEROS PROVEEDORES DE PRODUCTOS O SERVICIOS.<\/p>\t\t\t\t\t\t\t\t<\/div>\n\t\t\t\t<\/div>\n\t\t\t\t<div class=\"elementor-element elementor-element-e0a7a96 elementor-widget elementor-widget-heading\" data-id=\"e0a7a96\" data-element_type=\"widget\" data-widget_type=\"heading.default\">\n\t\t\t\t<div class=\"elementor-widget-container\">\n\t\t\t\t\t<h2 class=\"elementor-heading-title elementor-size-default\">Descargo de responsabilidad profesional<\/h2>\t\t\t\t<\/div>\n\t\t\t\t<\/div>\n\t\t\t\t<div class=\"elementor-element elementor-element-e158948 elementor-widget elementor-widget-text-editor\" data-id=\"e158948\" data-element_type=\"widget\" data-widget_type=\"text-editor.default\">\n\t\t\t\t<div class=\"elementor-widget-container\">\n\t\t\t\t\t\t\t\t\t<p>El Sitio no puede y no contiene asesoramiento legal. La informaci\u00f3n legal se proporciona solo con fines informativos y educativos generales y no reemplaza el asesoramiento profesional. En consecuencia, antes de tomar cualquier acci\u00f3n basada en dicha informaci\u00f3n, lo alentamos a consultar con los profesionales apropiados. No proporcionamos ning\u00fan tipo de asesoramiento legal. EL USO O CONFIANZA DE CUALQUIER INFORMACI\u00d3N CONTENIDA EN EL SITIO ES \u00daNICAMENTE BAJO SU PROPIO RIESGO.<\/p><p>El Sitio no puede contener ni contiene consejos m\u00e9dicos\/sanitarios. La informaci\u00f3n m\u00e9dica\/sanitaria\u00a0<span style=\"text-align: var(--text-align); background-color: var(--palettecolor8); font-size: inherit; font-style: var(--fontStyle, inherit); font-weight: var(--fontWeight); letter-spacing: var(--letterSpacing); text-transform: var(--textTransform);\">se proporciona solo con fines informativos y educativos generales y no reemplaza el asesoramiento profesional. En consecuencia, antes de tomar cualquier acci\u00f3n basada en dicha informaci\u00f3n, lo alentamos a consultar con los profesionales apropiados. No proporcionamos ning\u00fan tipo de asesoramiento m\u00e9dico\/sanitario. EL USO O CONFIANZA DE CUALQUIER INFORMACI\u00d3N CONTENIDA EN EL SITIO ES \u00daNICAMENTE BAJO SU PROPIO RIESGO.<\/span><\/p><p>El Sitio no puede contener ni contiene consejos de fitness. La informaci\u00f3n sobre el estado f\u00edsico\u00a0<span style=\"font-size: inherit; font-style: var(--fontStyle, inherit); font-weight: var(--fontWeight); letter-spacing: var(--letterSpacing); text-align: var(--text-align); text-transform: var(--textTransform); background-color: var(--palettecolor8);\">se proporciona solo con fines informativos y educativos generales y no reemplaza el asesoramiento profesional. En consecuencia, antes de tomar cualquier acci\u00f3n basada en dicha informaci\u00f3n, lo alentamos a consultar con los profesionales apropiados. No proporcionamos ning\u00fan tipo de asesoramiento f\u00edsico. EL USO O CONFIANZA DE CUALQUIER INFORMACI\u00d3N CONTENIDA EN EL SITIO ES \u00daNICAMENTE BAJO SU PROPIO RIESGO.<\/span><span style=\"text-align: var(--text-align); background-color: var(--palettecolor8); font-size: inherit; font-style: var(--fontStyle, inherit); font-weight: var(--fontWeight); letter-spacing: var(--letterSpacing); text-transform: var(--textTransform);\"><br \/><\/span><\/p>\t\t\t\t\t\t\t\t<\/div>\n\t\t\t\t<\/div>\n\t\t\t\t<div class=\"elementor-element elementor-element-185d7e9 elementor-widget elementor-widget-heading\" data-id=\"185d7e9\" data-element_type=\"widget\" data-widget_type=\"heading.default\">\n\t\t\t\t<div class=\"elementor-widget-container\">\n\t\t\t\t\t<h2 class=\"elementor-heading-title elementor-size-default\">Descargo de responsabilidad de afiliados<\/h2>\t\t\t\t<\/div>\n\t\t\t\t<\/div>\n\t\t\t\t<div class=\"elementor-element elementor-element-564cbf4 elementor-widget elementor-widget-text-editor\" data-id=\"564cbf4\" data-element_type=\"widget\" data-widget_type=\"text-editor.default\">\n\t\t\t\t<div class=\"elementor-widget-container\">\n\t\t\t\t\t\t\t\t\t<p>El Sitio puede contener enlaces a sitios web afiliados, y recibimos una comisi\u00f3n de afiliado por cualquier compra que realice en el sitio web afiliado utilizando dichos enlaces. Nuestros afiliados incluyen lo siguiente:<\/p><ul><li>publicidad de Google<\/li><\/ul><p>Participamos en el Programa de Asociados de Amazon Services LLC, un programa de publicidad de afiliados dise\u00f1ado para proporcionarnos un medio para ganar tarifas de publicidad al vincularnos a Amazon.com y sitios web afiliados.<\/p>\t\t\t\t\t\t\t\t<\/div>\n\t\t\t\t<\/div>\n\t\t\t\t<div class=\"elementor-element elementor-element-1667e31 elementor-widget elementor-widget-heading\" data-id=\"1667e31\" data-element_type=\"widget\" data-widget_type=\"heading.default\">\n\t\t\t\t<div class=\"elementor-widget-container\">\n\t\t\t\t\t<h2 class=\"elementor-heading-title elementor-size-default\">Descargo de responsabilidad de testimonios<\/h2>\t\t\t\t<\/div>\n\t\t\t\t<\/div>\n\t\t\t\t<div class=\"elementor-element elementor-element-2e56482 elementor-widget elementor-widget-text-editor\" data-id=\"2e56482\" data-element_type=\"widget\" data-widget_type=\"text-editor.default\">\n\t\t\t\t<div class=\"elementor-widget-container\">\n\t\t\t\t\t\t\t\t\t<p>El Sitio puede contener testimonios de usuarios de nuestros productos y\/o servicios. Estos testimonios reflejan las experiencias y opiniones de la vida real de dichos usuarios. Sin embargo, las experiencias son personales para esos usuarios particulares y pueden no ser necesariamente representativas de todos los usuarios de nuestros productos y\/o servicios. No afirmamos, y no debe asumir, que todos los usuarios tendr\u00e1n las mismas experiencias. SUS RESULTADOS INDIVIDUALES PUEDEN VARIAR. Los testimonios en el Sitio se env\u00edan en varias formas, como texto, audio y\/o video, y los revisamos antes de publicarlos. Aparecen en el Sitio textualmente tal como los proporcionan los usuarios, excepto por la correcci\u00f3n de errores gramaticales o tipogr\u00e1ficos. Es posible que algunos testimonios se hayan abreviado en aras de la brevedad cuando el testimonio completo conten\u00eda informaci\u00f3n extra\u00f1a que no es relevante para el p\u00fablico en general. Los puntos de vista y las opiniones contenidas en los testimonios pertenecen \u00fanicamente al usuario individual y no reflejan nuestros puntos de vista y opiniones. Ocasionalmente, este sitio puede proporcionar revisiones patrocinadas, compensadas u otras opiniones ventajosas para Speakingofbikes.com. Los testimonios en el Sitio no tienen la intenci\u00f3n de afirmar que nuestros productos y\/o servicios pueden usarse para mitigar, curar, prevenir o utilizarse de otro modo para cualquier enfermedad o condici\u00f3n m\u00e9dica. Ning\u00fan testimonio ha sido cl\u00ednicamente probado o evaluado.<\/p><p>Este descargo de responsabilidad fue creado usando <a href=\"https:\/\/termly.io\/products\/disclaimer-generator\/\" target=\"_blank\" rel=\"noopener\">Generador de descargo de responsabilidad de Termly<\/a>.<\/p>\t\t\t\t\t\t\t\t<\/div>\n\t\t\t\t<\/div>\n\t\t\t\t\t<\/div>\n\t\t\t\t<\/div>\n\t\t\t\t<\/div>","protected":false},"excerpt":{"rendered":"<p>Descargo de responsabilidad de speaking of bikes Descargo de responsabilidad \u00daltima actualizaci\u00f3n: 15 de noviembre Descargo de responsabilidad del sitio web La informaci\u00f3n proporcionada por Speaking of Bikes (\"nosotros\", \"nos\" o \"nuestro\") en https:\/\/speakingofbikes.com (el \"Sitio\") tiene \u00fanicamente fines informativos generales. Toda la informaci\u00f3n contenida en el Sitio se proporciona de buena fe, sin embargo no hacemos ninguna representaci\u00f3n o garant\u00eda de ning\u00fan tipo, expresa o [...]<\/p>","protected":false},"author":1,"featured_media":0,"parent":0,"menu_order":0,"comment_status":"closed","ping_status":"closed","template":"","meta":{"footnotes":""},"class_list":["post-2026","page","type-page","status-publish","hentry"],"blocksy_meta":{"styles_descriptor":{"styles":{"desktop":"","tablet":"","mobile":""},"google_fonts":[],"version":6}},"featured_image_src":null,"_links":{"self":[{"href":"https:\/\/speakingofbikes.com\/es\/wp-json\/wp\/v2\/pages\/2026","targetHints":{"allow":["GET"]}}],"collection":[{"href":"https:\/\/speakingofbikes.com\/es\/wp-json\/wp\/v2\/pages"}],"about":[{"href":"https:\/\/speakingofbikes.com\/es\/wp-json\/wp\/v2\/types\/page"}],"author":[{"embeddable":true,"href":"https:\/\/speakingofbikes.com\/es\/wp-json\/wp\/v2\/users\/1"}],"replies":[{"embeddable":true,"href":"https:\/\/speakingofbikes.com\/es\/wp-json\/wp\/v2\/comments?post=2026"}],"version-history":[{"count":0,"href":"https:\/\/speakingofbikes.com\/es\/wp-json\/wp\/v2\/pages\/2026\/revisions"}],"wp:attachment":[{"href":"https:\/\/speakingofbikes.com\/es\/wp-json\/wp\/v2\/media?parent=2026"}],"curies":[{"name":"wp","href":"https:\/\/api.w.org\/{rel}","templated":true}]}}